{"id":537,"date":"2018-08-13T18:01:02","date_gmt":"2018-08-13T18:01:02","guid":{"rendered":"http:\/\/www.www.genusintelligen.com\/\/?page_id=537"},"modified":"2019-07-31T21:58:45","modified_gmt":"2019-07-31T20:58:45","slug":"brand-guidelines","status":"publish","type":"page","link":"https:\/\/www.genusintelligen.com\/pt\/brand-guidelines\/","title":{"rendered":"Guia de utiliza\u00e7\u00e3o da Marca"},"content":{"rendered":"<h2>\n\t\tGuia de utiliza\u00e7\u00e3o da Genus IntelliGen Technologies para marca registrada, direitos autorais e marcas comerciais.\n\t<\/h2>\n\t\t\t<h3>Filosofia sobre marca registrada e marca.<\/h3>\t\t\t\n\t\t\t\t<p>As marcas registradas e a marca \u00a0Genus IntelliGen\u00ae Technologies (&#8220;IntelliGen&#8221;) s\u00e3o propriedade intelectual da Genus plc ou de uma das suas subsidi\u00e1rias (&#8220;Genus&#8221;). As marcas registradas da IntelliGen s\u00e3o uma parte importante da cria\u00e7\u00e3o e manuten\u00e7\u00e3o do patrim\u00f4nio da marca IntelliGen. Estas diretrizes regem o uso de todas as marcas registradas e marcas IntelliGen, em toda e qualquer propaganda p\u00fablica, publica\u00e7\u00f5es, apresenta\u00e7\u00f5es, boletins informativos, documentos e outras comunica\u00e7\u00f5es, independentemente da forma (por exemplo, escrita, eletr\u00f4nica, verbal, v\u00eddeo, fotografia, etc.).<\/p>\n\t\t\t<h3>A quem se aplicam essas regras?<\/h3>\t\t\t\n\t\t\t\t<p>As marcas registradas da IntelliGen s\u00f3 podem ser usadas sob uma licen\u00e7a v\u00e1lida de marca registrada da Genus. O uso de marcas registradas da IntelliGen est\u00e1 sujeito a estas regras e quaisquer outros termos acordados sob sua licen\u00e7a de marca registrada. Por favor note que:<\/p>\n<ul>\n<li>Os acordos de licen\u00e7a de marcas registradas podem ser independentes ou estar inclusos em um contrato de fornecimento, contrato de servi\u00e7os, licen\u00e7a de tecnol\u00f3gica, contrato de distribui\u00e7\u00e3o ou outro contrato escrito da IntelliGen; e<\/li>\n<li>O uso das marcas registradas da IntelliGen est\u00e1 limitado as marcas registradas especificadas em seu acordo de licen\u00e7a.<\/li>\n<\/ul>\n<p>Qualquer d\u00favida relacionada a este guia de utiliza\u00e7\u00e3o de marcas registradas e marca, se direcione a: <a href=\"mailto:Kylene.anderson@genusplc.com\">Kylene.anderson@genusplc.com<\/a><\/p>\n\t\t\t<h2>Marcas Registradas IntelliGen Technologies<\/h2>\t\t\t\n\t\t\t<p><strong>Trademark<\/strong><\/p>\t\t\t\n\t\t\t<p><strong>Tipo de marca<\/strong><\/p>\t\t\t\n\t\t\t<p><strong>TM ou (R)<\/strong><\/p>\t\t\t\n\t\t\t<p><strong>Trademark<\/strong><\/p>\t\t\t\n\t\t\t\t<img decoding=\"async\" src=\"https:\/\/www.genusintelligen.com\/wp-content\/uploads\/sites\/4\/logo-powered-by-intelligen.png\" alt=\"logo-powered-by-intelligen\" itemprop=\"image\" title=\"logo-powered-by-intelligen\"  \/>\n\t\t\t<p><strong>Type of Mark<\/strong><\/p>\t\t\t\n\t\t\t\t<p>Logo<\/p>\n\t\t\t<p><strong>TM or (R)<\/strong><\/p>\t\t\t\n\t\t\t\t<p>N\/A (imbedded)<\/p>\n\t\t\t<p><strong>Trademark<\/strong><\/p>\t\t\t\n\t\t\t\t<p>IntelliGen[\u00ae\/\u2122]<\/p>\n\t\t\t<p><strong>Tipo de marca<\/strong><\/p>\t\t\t\n\t\t\t\t<p>Palavra<\/p>\n\t\t\t<p><strong>TM ou (R)<\/strong><\/p>\t\t\t\n\t<a href=\"https:\/\/www.genusintelligen.com\/pt\/branding-country-chart\/\" target=\"_self\" rel=\"noopener noreferrer\"><\/a>\n\t\t\t\t<p>Ver tabela de pa\u00edses<\/p>\n\t\t\t<p><strong>Trademark<\/strong><\/p>\t\t\t\n\t\t\t\t<p>IntelliGen[\u00ae\/\u2122] Technologies<\/p>\n\t\t\t<p><strong>Tipo de marca<\/strong><\/p>\t\t\t\n\t\t\t\t<p>Palavra<\/p>\n\t\t\t<p><strong>TM ou (R)<\/strong><\/p>\t\t\t\n\t<a href=\"https:\/\/www.genusintelligen.com\/ptbranding-country-chart\/\" target=\"_self\" rel=\"noopener noreferrer\"><\/a>\n\t\t\t\t<p>Ver tabela de pa\u00edses<\/p>\n\t\t\t<p><strong>Trademark<\/strong><\/p>\t\t\t\n\t\t\t\t<p>GIGT\u2122<\/p>\n\t\t\t<p><strong>Tipo de marca<\/strong><\/p>\t\t\t\n\t\t\t\t<p>Palavra<\/p>\n\t\t\t<p><strong>TM ou (R)<\/strong><\/p>\t\t\t\n\t\t\t\t<p>TM<\/p>\n\t\t\t<h2>Quando utilizar a marca registrada da IntelliGen<\/h2>\t\t\t\n\t\t\t\t<ul>\n<li><strong><u>Logo Powered by IntelliGen Technologies<\/u><\/strong>: Ao comercializar ou fazer refer\u00eancia p\u00fablica a produtos de gen\u00e9tica sexada produzidos pela tecnologia IntelliGen, sempre se refira \u00e0 tecnologia IntelliGen da seguinte forma:\n<ul>\n<li>A marca registrada \u201cIntelliGen\u201d deve ser usada como o logotipo Powered by IntelliGen sempre que poss\u00edvel;<\/li>\n<li>O logotipo da IntelliGen deve aparecer em tamanho igual ao da marca de s\u00eamen sexado da licenciada; e<\/li>\n<li>Se n\u00e3o for pr\u00e1tico usar o logotipo IntelliGen, o licenciado deve usar o slogan &#8221; Powered by IntelliGen[\u00ae\/\u2122] Technologies &#8220;, que deve ser exibido com destaque, para que seja claro para o p\u00fablico que o produto do s\u00eamen sexado do licenciado foi produzido com a tecnologia IntelliGen.<\/li>\n<\/ul>\n<\/li>\n<\/ul>\n<ul>\n<li><strong>Marcas da palavra Intelligen<\/strong><strong>\/IntelliGen Technologies:<\/strong> Ao comercializar ou fazer refer\u00eancia p\u00fablica \u00e0 tecnologia, aos processos ou aos servi\u00e7os de processamento da IntelliGen, use as marcas registradas &#8220;IntelliGen [\u00ae \/ \u2122]&#8221; ou &#8220;IntelliGen [\u00ae \/ \u2122] Technologies&#8221;.<\/li>\n<li><strong>GIGT<\/strong>: A marca registrada &#8220;GIGT \u2122&#8221; deve ser impressa em todas as palhetas de s\u00eamen sexado produzido com a tecnologia IntelliGen ou (se permitido) na embalagem de qualquer outro produto de gen\u00e9tica sexada produzido com s\u00eamen sexado processado com IntelliGen (por exemplo, embri\u00f5es).<\/li>\n<li>Veja <strong>\u201cOutros Aspectos\u201d \/ \u201cDiretrizes de Design\u201d \/ \u201cPaleta de Cores\u201d<\/strong> para design, coloca\u00e7\u00e3o e outros detalhes sobre o uso de marcas registradas IntelliGen<\/li>\n<\/ul>\n\t\t\t<h2>Revis\u00e3o de Materiais<\/h2>\t\t\t\n\t\t\t\t<ul>\n<li>Voc\u00ea \u00e9 obrigado a fornecer c\u00f3pias de quaisquer materiais de marketing ou outros materiais que voc\u00ea deseja usar publicamente que fa\u00e7am refer\u00eancia \u00e0 tecnologia IntelliGen ou a qualquer produto de gen\u00e9tica sexada produzido pela tecnologia IntelliGen pelo menos 10 dias \u00fateis antes da data prevista de uso.<\/li>\n<li>A tradu\u00e7\u00e3o em ingl\u00eas deve ser inclu\u00edda em qualquer material que n\u00e3o seja em ingl\u00eas.<\/li>\n<li>Ao fornecer o material, especifique o local de uso e o p\u00fablico-alvo.<\/li>\n<li>O material deve ser enviado para Kylene Anderson em: <a href=\"mailto:kylene.anderson@genusplc.com\">kylene.anderson@genusplc.com <\/a><\/li>\n<\/ul>\n\t\t\t<h2>Outros aspectos<\/h2>\t\t\t\n\t\t\t\t<ul>\n<li>A IntelliGen fornecer\u00e1 a voc\u00ea um arquivo eletr\u00f4nico de alta resolu\u00e7\u00e3o com o logotipo &#8220;Powered by IntelliGen Technologies&#8221;. Os Licenciados usar\u00e3o somente o arquivo fornecido para utiliza\u00e7\u00e3o o logotipo e n\u00e3o devem capturar ou copiar o logotipo IntelliGen de outros materiais p\u00fablicos.<\/li>\n<li>Voc\u00ea n\u00e3o pode combinar o logotipo com qualquer outro objeto, incluindo, mas n\u00e3o limitando, logotipos, palavras, \u00edcones, gr\u00e1ficos, fotos, slogans, n\u00fameros ou outros elementos de design de uma maneira que implique origina\u00e7\u00e3o de uma fonte diferente da IntelliGen Technologies.<\/li>\n<li>O Departamento de Marketing IntelliGen fornecer\u00e1 as vers\u00f5es de cor aprovadas do logo <em>Powered by IntelliGen Technologies<\/em>.<\/li>\n<li>N\u00e3o incorpore as marcas registradas ou logotipos da IntelliGen Technologies nos seus pr\u00f3prios nomes de produtos, nomes de servi\u00e7o, marcas registradas, logotipos ou nomes de empresas, e n\u00e3o adote marcas ou logotipos que sejam confusamente similares \u00e0s marcas e logotipos da IntelliGen Technologies<\/li>\n<\/ul>\n\t\t\t<h2>Diretrizes de Design<\/h2>\n\t\t\t<h3><strong>Logo Powered by IntelliGen Technologies<\/strong><\/h3>\t\t\t\n\t\t\t\t<p>Use os s\u00edmbolos \u00ae ou TM, conforme indicado na <a href=\"\/branding-country-chart\/\">tabela de pa\u00edses<\/a>.<\/p>\n\t\t\t<h3><strong>GIGT na embalagem<\/strong><\/h3>\t\t\t\n\t\t\t\t<p>A marca GIGT deve ser impressa nas palhetas em uma fonte igual ou maior que qualquer outra fonte na embalagem. A marca\u00e7\u00e3o deve estar no lado oposto da selagem da palheta.<\/p>\n\t\t\t<h2>Paleta de cores<\/h2>\n\t\t\t\t<img decoding=\"async\" src=\"https:\/\/www.genusintelligen.com\/pt\/wp-content\/uploads\/sites\/24\/2019\/07\/pantone-3165-c.png\" alt=\"pantone-3165-c\" itemprop=\"image\"\/>\n\t\t<h3>Pantone 3165 C<\/h3>\t\t\t\n\t\t\t\t<p><strong>PMS<\/strong> 3165 C<br \/><strong>CMYK:\u00a0<\/strong>100; 14; 0; 65<br \/><strong>sRGB:<\/strong>\u00a00; 77; 90<br \/><strong>Hex:<\/strong>\u00a0#004D5A<\/p>\n\t\t\t\t<img decoding=\"async\" src=\"https:\/\/www.genusintelligen.com\/pt\/wp-content\/uploads\/sites\/24\/2019\/07\/pantone-7620-c.png\" alt=\"pantone-7620-c\" itemprop=\"image\"\/>\n\t\t<h3>Pantone 7620 C<\/h3>\t\t\t\n\t\t\t\t<p><strong>PMS<\/strong> 7620 C<br \/><strong>CMYK:\u00a0<\/strong>0; 75; 77; 26<br \/><strong>sRGB:<\/strong>\u00a0189; 47; 44<br \/><strong>Hex:<\/strong>\u00a0#BD2F2C<\/p>\n","protected":false},"excerpt":{"rendered":"<p>Guia de utiliza\u00e7\u00e3o da Genus IntelliGen Technologies para marca registrada, direitos autorais e marcas comerciais. Filosofia sobre marca registrada e marca. As marcas registradas e a marca \u00a0Genus IntelliGen\u00ae Technologies (&#8220;IntelliGen&#8221;) s\u00e3o propriedade intelectual da Genus plc ou de uma das suas subsidi\u00e1rias (&#8220;Genus&#8221;). As marcas registradas da IntelliGen s\u00e3o uma parte importante da cria\u00e7\u00e3o&hellip;<\/p>\n","protected":false},"author":503,"featured_media":0,"parent":0,"menu_order":0,"comment_status":"closed","ping_status":"closed","template":"","meta":{"_acf_changed":false,"jetpack_post_was_ever_published":false,"footnotes":""},"class_list":["post-537","page","type-page","status-publish","hentry"],"acf":[],"yoast_head":"<!-- This site is optimized with the Yoast SEO Premium plugin v23.7 (Yoast SEO v23.7) - https:\/\/yoast.com\/wordpress\/plugins\/seo\/ -->\n<title>Guia de utiliza\u00e7\u00e3o da Marca - Intelligen Portugal<\/title>\n<meta name=\"robots\" content=\"index, follow, max-snippet:-1, max-image-preview:large, max-video-preview:-1\" \/>\n<link rel=\"canonical\" href=\"https:\/\/www.genusintelligen.com\/pt\/brand-guidelines\/\" \/>\n<meta property=\"og:locale\" content=\"pt_PT\" \/>\n<meta property=\"og:type\" content=\"article\" \/>\n<meta property=\"og:title\" content=\"Guia de utiliza\u00e7\u00e3o da Marca\" \/>\n<meta property=\"og:description\" content=\"Guia de utiliza\u00e7\u00e3o da Genus IntelliGen Technologies para marca registrada, direitos autorais e marcas comerciais. Filosofia sobre marca registrada e marca. As marcas registradas e a marca \u00a0Genus IntelliGen\u00ae Technologies (&#8220;IntelliGen&#8221;) s\u00e3o propriedade intelectual da Genus plc ou de uma das suas subsidi\u00e1rias (&#8220;Genus&#8221;). As marcas registradas da IntelliGen s\u00e3o uma parte importante da cria\u00e7\u00e3o&hellip;\" \/>\n<meta property=\"og:url\" content=\"https:\/\/www.genusintelligen.com\/pt\/brand-guidelines\/\" \/>\n<meta property=\"og:site_name\" content=\"Intelligen Portugal\" \/>\n<meta property=\"article:publisher\" content=\"https:\/\/www.facebook.com\/absglobal\/\" \/>\n<meta property=\"article:modified_time\" content=\"2019-07-31T20:58:45+00:00\" \/>\n<meta property=\"og:image\" content=\"https:\/\/www.genusintelligen.com\/wp-content\/uploads\/sites\/4\/logo-powered-by-intelligen.png\" \/>\n<meta name=\"twitter:card\" content=\"summary_large_image\" \/>\n<meta name=\"twitter:site\" content=\"@ABS_Global_Inc\" \/>\n<meta name=\"twitter:label1\" content=\"Est. reading time\" \/>\n\t<meta name=\"twitter:data1\" content=\"4 minutos\" \/>\n<script type=\"application\/ld+json\" class=\"yoast-schema-graph\">{\"@context\":\"https:\/\/schema.org\",\"@graph\":[{\"@type\":\"WebPage\",\"@id\":\"https:\/\/www.genusintelligen.com\/pt\/brand-guidelines\/\",\"url\":\"https:\/\/www.genusintelligen.com\/pt\/brand-guidelines\/\",\"name\":\"Guia de utiliza\u00e7\u00e3o da Marca - Intelligen Portugal\",\"isPartOf\":{\"@id\":\"https:\/\/www.genusintelligen.com\/pt\/#website\"},\"primaryImageOfPage\":{\"@id\":\"https:\/\/www.genusintelligen.com\/pt\/brand-guidelines\/#primaryimage\"},\"image\":{\"@id\":\"https:\/\/www.genusintelligen.com\/pt\/brand-guidelines\/#primaryimage\"},\"thumbnailUrl\":\"https:\/\/www.genusintelligen.com\/wp-content\/uploads\/sites\/4\/logo-powered-by-intelligen.png\",\"datePublished\":\"2018-08-13T18:01:02+00:00\",\"dateModified\":\"2019-07-31T20:58:45+00:00\",\"breadcrumb\":{\"@id\":\"https:\/\/www.genusintelligen.com\/pt\/brand-guidelines\/#breadcrumb\"},\"inLanguage\":\"pt-PT\",\"potentialAction\":[{\"@type\":\"ReadAction\",\"target\":[\"https:\/\/www.genusintelligen.com\/pt\/brand-guidelines\/\"]}]},{\"@type\":\"ImageObject\",\"inLanguage\":\"pt-PT\",\"@id\":\"https:\/\/www.genusintelligen.com\/pt\/brand-guidelines\/#primaryimage\",\"url\":\"https:\/\/www.genusintelligen.com\/wp-content\/uploads\/sites\/4\/logo-powered-by-intelligen.png\",\"contentUrl\":\"https:\/\/www.genusintelligen.com\/wp-content\/uploads\/sites\/4\/logo-powered-by-intelligen.png\"},{\"@type\":\"BreadcrumbList\",\"@id\":\"https:\/\/www.genusintelligen.com\/pt\/brand-guidelines\/#breadcrumb\",\"itemListElement\":[{\"@type\":\"ListItem\",\"position\":1,\"name\":\"Home\",\"item\":\"https:\/\/www.genusintelligen.com\/pt\/\"},{\"@type\":\"ListItem\",\"position\":2,\"name\":\"Guia de utiliza\u00e7\u00e3o da Marca\"}]},{\"@type\":\"WebSite\",\"@id\":\"https:\/\/www.genusintelligen.com\/pt\/#website\",\"url\":\"https:\/\/www.genusintelligen.com\/pt\/\",\"name\":\"Genus IntelliGen Technologies\",\"description\":\"Welcome to the Future of Animal Biotechnology\",\"potentialAction\":[{\"@type\":\"SearchAction\",\"target\":{\"@type\":\"EntryPoint\",\"urlTemplate\":\"https:\/\/www.genusintelligen.com\/pt\/?s={search_term_string}\"},\"query-input\":{\"@type\":\"PropertyValueSpecification\",\"valueRequired\":true,\"valueName\":\"search_term_string\"}}],\"inLanguage\":\"pt-PT\"}]}<\/script>\n<!-- \/ Yoast SEO Premium plugin. -->","yoast_head_json":{"title":"Guia de utiliza\u00e7\u00e3o da Marca - Intelligen Portugal","robots":{"index":"index","follow":"follow","max-snippet":"max-snippet:-1","max-image-preview":"max-image-preview:large","max-video-preview":"max-video-preview:-1"},"canonical":"https:\/\/www.genusintelligen.com\/pt\/brand-guidelines\/","og_locale":"pt_PT","og_type":"article","og_title":"Guia de utiliza\u00e7\u00e3o da Marca","og_description":"Guia de utiliza\u00e7\u00e3o da Genus IntelliGen Technologies para marca registrada, direitos autorais e marcas comerciais. Filosofia sobre marca registrada e marca. As marcas registradas e a marca \u00a0Genus IntelliGen\u00ae Technologies (&#8220;IntelliGen&#8221;) s\u00e3o propriedade intelectual da Genus plc ou de uma das suas subsidi\u00e1rias (&#8220;Genus&#8221;). As marcas registradas da IntelliGen s\u00e3o uma parte importante da cria\u00e7\u00e3o&hellip;","og_url":"https:\/\/www.genusintelligen.com\/pt\/brand-guidelines\/","og_site_name":"Intelligen Portugal","article_publisher":"https:\/\/www.facebook.com\/absglobal\/","article_modified_time":"2019-07-31T20:58:45+00:00","og_image":[{"url":"https:\/\/www.genusintelligen.com\/wp-content\/uploads\/sites\/4\/logo-powered-by-intelligen.png"}],"twitter_card":"summary_large_image","twitter_site":"@ABS_Global_Inc","twitter_misc":{"Est. reading time":"4 minutos"},"schema":{"@context":"https:\/\/schema.org","@graph":[{"@type":"WebPage","@id":"https:\/\/www.genusintelligen.com\/pt\/brand-guidelines\/","url":"https:\/\/www.genusintelligen.com\/pt\/brand-guidelines\/","name":"Guia de utiliza\u00e7\u00e3o da Marca - Intelligen Portugal","isPartOf":{"@id":"https:\/\/www.genusintelligen.com\/pt\/#website"},"primaryImageOfPage":{"@id":"https:\/\/www.genusintelligen.com\/pt\/brand-guidelines\/#primaryimage"},"image":{"@id":"https:\/\/www.genusintelligen.com\/pt\/brand-guidelines\/#primaryimage"},"thumbnailUrl":"https:\/\/www.genusintelligen.com\/wp-content\/uploads\/sites\/4\/logo-powered-by-intelligen.png","datePublished":"2018-08-13T18:01:02+00:00","dateModified":"2019-07-31T20:58:45+00:00","breadcrumb":{"@id":"https:\/\/www.genusintelligen.com\/pt\/brand-guidelines\/#breadcrumb"},"inLanguage":"pt-PT","potentialAction":[{"@type":"ReadAction","target":["https:\/\/www.genusintelligen.com\/pt\/brand-guidelines\/"]}]},{"@type":"ImageObject","inLanguage":"pt-PT","@id":"https:\/\/www.genusintelligen.com\/pt\/brand-guidelines\/#primaryimage","url":"https:\/\/www.genusintelligen.com\/wp-content\/uploads\/sites\/4\/logo-powered-by-intelligen.png","contentUrl":"https:\/\/www.genusintelligen.com\/wp-content\/uploads\/sites\/4\/logo-powered-by-intelligen.png"},{"@type":"BreadcrumbList","@id":"https:\/\/www.genusintelligen.com\/pt\/brand-guidelines\/#breadcrumb","itemListElement":[{"@type":"ListItem","position":1,"name":"Home","item":"https:\/\/www.genusintelligen.com\/pt\/"},{"@type":"ListItem","position":2,"name":"Guia de utiliza\u00e7\u00e3o da Marca"}]},{"@type":"WebSite","@id":"https:\/\/www.genusintelligen.com\/pt\/#website","url":"https:\/\/www.genusintelligen.com\/pt\/","name":"Genus IntelliGen Technologies","description":"Welcome to the Future of Animal Biotechnology","potentialAction":[{"@type":"SearchAction","target":{"@type":"EntryPoint","urlTemplate":"https:\/\/www.genusintelligen.com\/pt\/?s={search_term_string}"},"query-input":{"@type":"PropertyValueSpecification","valueRequired":true,"valueName":"search_term_string"}}],"inLanguage":"pt-PT"}]}},"jetpack_sharing_enabled":true,"jetpack_shortlink":"https:\/\/wp.me\/Pbh8VE-8F","_links":{"self":[{"href":"https:\/\/www.genusintelligen.com\/pt\/wp-json\/wp\/v2\/pages\/537"}],"collection":[{"href":"https:\/\/www.genusintelligen.com\/pt\/wp-json\/wp\/v2\/pages"}],"about":[{"href":"https:\/\/www.genusintelligen.com\/pt\/wp-json\/wp\/v2\/types\/page"}],"author":[{"embeddable":true,"href":"https:\/\/www.genusintelligen.com\/pt\/wp-json\/wp\/v2\/users\/503"}],"replies":[{"embeddable":true,"href":"https:\/\/www.genusintelligen.com\/pt\/wp-json\/wp\/v2\/comments?post=537"}],"version-history":[{"count":27,"href":"https:\/\/www.genusintelligen.com\/pt\/wp-json\/wp\/v2\/pages\/537\/revisions"}],"predecessor-version":[{"id":910,"href":"https:\/\/www.genusintelligen.com\/pt\/wp-json\/wp\/v2\/pages\/537\/revisions\/910"}],"wp:attachment":[{"href":"https:\/\/www.genusintelligen.com\/pt\/wp-json\/wp\/v2\/media?parent=537"}],"curies":[{"name":"wp","href":"https:\/\/api.w.org\/{rel}","templated":true}]}}