{"id":273,"date":"2017-08-04T02:53:47","date_gmt":"2017-08-04T02:53:47","guid":{"rendered":"http:\/\/www.www.genusintelligen.com\/\/?page_id=273"},"modified":"2019-07-31T21:05:47","modified_gmt":"2019-07-31T20:05:47","slug":"contact-us","status":"publish","type":"page","link":"https:\/\/www.genusintelligen.com\/pt\/contact-us\/","title":{"rendered":"Contate-Nos"},"content":{"rendered":"\r\n\t\t\t\t<img data-recalc-dims=\"1\" loading=\"lazy\" decoding=\"async\" src=\"https:\/\/www.genusintelligen.com\/wp-content\/uploads\/sites\/4\/logo-large-genus-intelligen.png?resize=350%2C363\" alt=\"logo-large-genus-intelligen\" itemprop=\"image\" height=\"363\" width=\"350\" title=\"logo-large-genus-intelligen\" \/>\r\n\t<div class=\"wpforms-container \" id=\"wpforms-607\"><form id=\"wpforms-form-607\" class=\"wpforms-validate wpforms-form\" data-formid=\"607\" method=\"post\" enctype=\"multipart\/form-data\" action=\"\/pt\/wp-json\/wp\/v2\/pages\/273\" data-token=\"262f77a3d1f5d0c04d5a7ad05141d091\" data-token-time=\"1776318096\"><noscript class=\"wpforms-error-noscript\">Please enable JavaScript in your browser to complete this form.<\/noscript><div class=\"wpforms-field-container\"><div id=\"wpforms-607-field_0-container\" class=\"wpforms-field wpforms-field-name\" data-field-id=\"0\"><label class=\"wpforms-field-label wpforms-label-hide\" for=\"wpforms-607-field_0\">Name <span class=\"wpforms-required-label\">*<\/span><\/label><div class=\"wpforms-field-row wpforms-field-medium\"><div class=\"wpforms-field-row-block wpforms-first wpforms-one-half\"><input type=\"text\" id=\"wpforms-607-field_0\" class=\"wpforms-field-name-first wpforms-field-required\" name=\"wpforms[fields][0][first]\" placeholder=\"Primeiro nome*\" required><label for=\"wpforms-607-field_0\" class=\"wpforms-field-sublabel after wpforms-sublabel-hide\">First<\/label><\/div><div class=\"wpforms-field-row-block wpforms-one-half\"><input type=\"text\" id=\"wpforms-607-field_0-last\" class=\"wpforms-field-name-last wpforms-field-required\" name=\"wpforms[fields][0][last]\" placeholder=\"\u00daltimo nome*\" required><label for=\"wpforms-607-field_0-last\" class=\"wpforms-field-sublabel after wpforms-sublabel-hide\">Last<\/label><\/div><\/div><\/div><div id=\"wpforms-607-field_4-container\" class=\"wpforms-field wpforms-field-text\" data-field-id=\"4\"><label class=\"wpforms-field-label wpforms-label-hide\" for=\"wpforms-607-field_4\">Nome da empresa <span class=\"wpforms-required-label\">*<\/span><\/label><input type=\"text\" id=\"wpforms-607-field_4\" class=\"wpforms-field-medium wpforms-field-required\" name=\"wpforms[fields][4]\" placeholder=\"Nome da empresa*\" required><\/div><div id=\"wpforms-607-field_1-container\" class=\"wpforms-field wpforms-field-email wpforms-one-half wpforms-first\" data-field-id=\"1\"><label class=\"wpforms-field-label wpforms-label-hide\" for=\"wpforms-607-field_1\">Email <span class=\"wpforms-required-label\">*<\/span><\/label><input type=\"email\" id=\"wpforms-607-field_1\" class=\"wpforms-field-medium wpforms-field-required\" name=\"wpforms[fields][1]\" placeholder=\"Email*\" spellcheck=\"false\" required><\/div><div id=\"wpforms-607-field_3-container\" class=\"wpforms-field wpforms-field-phone wpforms-one-half\" data-field-id=\"3\"><label class=\"wpforms-field-label wpforms-label-hide\" for=\"wpforms-607-field_3\">telefone <span class=\"wpforms-required-label\">*<\/span><\/label><input type=\"tel\" id=\"wpforms-607-field_3\" class=\"wpforms-field-medium wpforms-field-required wpforms-masked-input\" data-inputmask=\"&#039;mask&#039;: &#039;(999) 999-9999&#039;\" data-rule-us-phone-field=\"true\" data-inputmask-inputmode=\"tel\" name=\"wpforms[fields][3]\" placeholder=\"telefone*\" aria-label=\"telefone\" required><\/div><div id=\"wpforms-607-field_5-container\" class=\"wpforms-field wpforms-field-text\" data-field-id=\"5\"><label class=\"wpforms-field-label wpforms-label-hide\" for=\"wpforms-607-field_5\">Campo de trabalho <span class=\"wpforms-required-label\">*<\/span><\/label><input type=\"text\" id=\"wpforms-607-field_5\" class=\"wpforms-field-medium wpforms-field-required\" name=\"wpforms[fields][5]\" placeholder=\"Campo de trabalho*\" required><\/div><div id=\"wpforms-607-field_6-container\" class=\"wpforms-field wpforms-field-text\" data-field-id=\"6\"><label class=\"wpforms-field-label wpforms-label-hide\" for=\"wpforms-607-field_6\">Esp\u00e9cies<\/label><input type=\"text\" id=\"wpforms-607-field_6\" class=\"wpforms-field-medium\" name=\"wpforms[fields][6]\" placeholder=\"Esp\u00e9cies*\" ><\/div><div id=\"wpforms-607-field_2-container\" class=\"wpforms-field wpforms-field-textarea\" data-field-id=\"2\"><label class=\"wpforms-field-label wpforms-label-hide\" for=\"wpforms-607-field_2\">Mensagem \/ Informa\u00e7\u00e3o Adicional<\/label><textarea id=\"wpforms-607-field_2\" class=\"wpforms-field-medium\" name=\"wpforms[fields][2]\" placeholder=\"Mensagem \/ Informa\u00e7\u00e3o Adicional\" ><\/textarea><\/div><div id=\"wpforms-607-field_7-container\" class=\"wpforms-field wpforms-field-gdpr-checkbox\" data-field-id=\"7\"><label class=\"wpforms-field-label\">Contrato GDPR <span class=\"wpforms-required-label\">*<\/span><\/label><ul id=\"wpforms-607-field_7\" class=\"wpforms-field-required\"><li class=\"choice-1\"><input type=\"checkbox\" id=\"wpforms-607-field_7_1\" name=\"wpforms[fields][7][]\" value=\"Eu concordo que este site armazene minhas informa\u00e7\u00f5es enviadas para que elas possam responder \u00e0 minha consulta.\" required ><label class=\"wpforms-field-label-inline\" for=\"wpforms-607-field_7_1\">Eu concordo que este site armazene minhas informa\u00e7\u00f5es enviadas para que elas possam responder \u00e0 minha consulta.<\/label><\/li><\/ul><\/div><\/div><!-- .wpforms-field-container --><div class=\"wpforms-field wpforms-field-hp\"><label for=\"wpforms-607-field-hp\" class=\"wpforms-field-label\">Website<\/label><input type=\"text\" name=\"wpforms[hp]\" id=\"wpforms-607-field-hp\" class=\"wpforms-field-medium\"><\/div><div class=\"wpforms-submit-container\" ><input type=\"hidden\" name=\"wpforms[id]\" value=\"607\"><input type=\"hidden\" name=\"page_title\" value=\"\"><input type=\"hidden\" name=\"page_url\" value=\"https:\/\/www.genusintelligen.com\/pt\/wp-json\/wp\/v2\/pages\/273\"><button type=\"submit\" name=\"wpforms[submit]\" id=\"wpforms-submit-607\" class=\"wpforms-submit\" data-alt-text=\"Enviando ...\" data-submit-text=\"Enviar\" aria-live=\"assertive\" value=\"wpforms-submit\">Enviar<\/button><\/div><\/form><\/div>  <!-- .wpforms-container -->\r\n","protected":false},"excerpt":{"rendered":"<p>Please enable JavaScript in your browser to complete this form.Name *FirstLastNome da empresa *Email *telefone *Campo de trabalho *Esp\u00e9ciesMensagem \/ Informa\u00e7\u00e3o AdicionalContrato GDPR *Eu concordo que este site armazene minhas informa\u00e7\u00f5es enviadas para que elas possam responder \u00e0 minha consulta.PhoneEnviar<\/p>\n","protected":false},"author":503,"featured_media":0,"parent":0,"menu_order":0,"comment_status":"closed","ping_status":"closed","template":"","meta":{"_acf_changed":false,"jetpack_post_was_ever_published":false,"footnotes":""},"class_list":["post-273","page","type-page","status-publish","hentry"],"acf":[],"yoast_head":"<!-- This site is optimized with the Yoast SEO Premium plugin v23.7 (Yoast SEO v23.7) - https:\/\/yoast.com\/wordpress\/plugins\/seo\/ -->\n<title>Contate-Nos - Intelligen Portugal<\/title>\n<meta name=\"robots\" content=\"index, follow, max-snippet:-1, max-image-preview:large, max-video-preview:-1\" \/>\n<link rel=\"canonical\" href=\"https:\/\/www.genusintelligen.com\/pt\/contact-us\/\" \/>\n<meta property=\"og:locale\" content=\"pt_PT\" \/>\n<meta property=\"og:type\" content=\"article\" \/>\n<meta property=\"og:title\" content=\"Contate-Nos\" \/>\n<meta property=\"og:url\" content=\"https:\/\/www.genusintelligen.com\/pt\/contact-us\/\" \/>\n<meta property=\"og:site_name\" content=\"Intelligen Portugal\" \/>\n<meta property=\"article:publisher\" content=\"https:\/\/www.facebook.com\/absglobal\/\" \/>\n<meta property=\"article:modified_time\" content=\"2019-07-31T20:05:47+00:00\" \/>\n<meta property=\"og:image\" content=\"https:\/\/www.genusintelligen.com\/wp-content\/uploads\/sites\/4\/logo-large-genus-intelligen.png\" \/>\n<meta name=\"twitter:card\" content=\"summary_large_image\" \/>\n<meta name=\"twitter:site\" content=\"@ABS_Global_Inc\" \/>\n<script type=\"application\/ld+json\" class=\"yoast-schema-graph\">{\"@context\":\"https:\/\/schema.org\",\"@graph\":[{\"@type\":\"WebPage\",\"@id\":\"https:\/\/www.genusintelligen.com\/pt\/contact-us\/\",\"url\":\"https:\/\/www.genusintelligen.com\/pt\/contact-us\/\",\"name\":\"Contate-Nos - Intelligen Portugal\",\"isPartOf\":{\"@id\":\"https:\/\/www.genusintelligen.com\/pt\/#website\"},\"primaryImageOfPage\":{\"@id\":\"https:\/\/www.genusintelligen.com\/pt\/contact-us\/#primaryimage\"},\"image\":{\"@id\":\"https:\/\/www.genusintelligen.com\/pt\/contact-us\/#primaryimage\"},\"thumbnailUrl\":\"https:\/\/www.genusintelligen.com\/wp-content\/uploads\/sites\/4\/logo-large-genus-intelligen.png\",\"datePublished\":\"2017-08-04T02:53:47+00:00\",\"dateModified\":\"2019-07-31T20:05:47+00:00\",\"breadcrumb\":{\"@id\":\"https:\/\/www.genusintelligen.com\/pt\/contact-us\/#breadcrumb\"},\"inLanguage\":\"pt-PT\",\"potentialAction\":[{\"@type\":\"ReadAction\",\"target\":[\"https:\/\/www.genusintelligen.com\/pt\/contact-us\/\"]}]},{\"@type\":\"ImageObject\",\"inLanguage\":\"pt-PT\",\"@id\":\"https:\/\/www.genusintelligen.com\/pt\/contact-us\/#primaryimage\",\"url\":\"https:\/\/www.genusintelligen.com\/wp-content\/uploads\/sites\/4\/logo-large-genus-intelligen.png\",\"contentUrl\":\"https:\/\/www.genusintelligen.com\/wp-content\/uploads\/sites\/4\/logo-large-genus-intelligen.png\"},{\"@type\":\"BreadcrumbList\",\"@id\":\"https:\/\/www.genusintelligen.com\/pt\/contact-us\/#breadcrumb\",\"itemListElement\":[{\"@type\":\"ListItem\",\"position\":1,\"name\":\"Home\",\"item\":\"https:\/\/www.genusintelligen.com\/pt\/\"},{\"@type\":\"ListItem\",\"position\":2,\"name\":\"Contate-Nos\"}]},{\"@type\":\"WebSite\",\"@id\":\"https:\/\/www.genusintelligen.com\/pt\/#website\",\"url\":\"https:\/\/www.genusintelligen.com\/pt\/\",\"name\":\"Genus IntelliGen Technologies\",\"description\":\"Welcome to the Future of Animal Biotechnology\",\"potentialAction\":[{\"@type\":\"SearchAction\",\"target\":{\"@type\":\"EntryPoint\",\"urlTemplate\":\"https:\/\/www.genusintelligen.com\/pt\/?s={search_term_string}\"},\"query-input\":{\"@type\":\"PropertyValueSpecification\",\"valueRequired\":true,\"valueName\":\"search_term_string\"}}],\"inLanguage\":\"pt-PT\"}]}<\/script>\n<!-- \/ Yoast SEO Premium plugin. -->","yoast_head_json":{"title":"Contate-Nos - Intelligen Portugal","robots":{"index":"index","follow":"follow","max-snippet":"max-snippet:-1","max-image-preview":"max-image-preview:large","max-video-preview":"max-video-preview:-1"},"canonical":"https:\/\/www.genusintelligen.com\/pt\/contact-us\/","og_locale":"pt_PT","og_type":"article","og_title":"Contate-Nos","og_url":"https:\/\/www.genusintelligen.com\/pt\/contact-us\/","og_site_name":"Intelligen Portugal","article_publisher":"https:\/\/www.facebook.com\/absglobal\/","article_modified_time":"2019-07-31T20:05:47+00:00","og_image":[{"url":"https:\/\/www.genusintelligen.com\/wp-content\/uploads\/sites\/4\/logo-large-genus-intelligen.png"}],"twitter_card":"summary_large_image","twitter_site":"@ABS_Global_Inc","schema":{"@context":"https:\/\/schema.org","@graph":[{"@type":"WebPage","@id":"https:\/\/www.genusintelligen.com\/pt\/contact-us\/","url":"https:\/\/www.genusintelligen.com\/pt\/contact-us\/","name":"Contate-Nos - Intelligen Portugal","isPartOf":{"@id":"https:\/\/www.genusintelligen.com\/pt\/#website"},"primaryImageOfPage":{"@id":"https:\/\/www.genusintelligen.com\/pt\/contact-us\/#primaryimage"},"image":{"@id":"https:\/\/www.genusintelligen.com\/pt\/contact-us\/#primaryimage"},"thumbnailUrl":"https:\/\/www.genusintelligen.com\/wp-content\/uploads\/sites\/4\/logo-large-genus-intelligen.png","datePublished":"2017-08-04T02:53:47+00:00","dateModified":"2019-07-31T20:05:47+00:00","breadcrumb":{"@id":"https:\/\/www.genusintelligen.com\/pt\/contact-us\/#breadcrumb"},"inLanguage":"pt-PT","potentialAction":[{"@type":"ReadAction","target":["https:\/\/www.genusintelligen.com\/pt\/contact-us\/"]}]},{"@type":"ImageObject","inLanguage":"pt-PT","@id":"https:\/\/www.genusintelligen.com\/pt\/contact-us\/#primaryimage","url":"https:\/\/www.genusintelligen.com\/wp-content\/uploads\/sites\/4\/logo-large-genus-intelligen.png","contentUrl":"https:\/\/www.genusintelligen.com\/wp-content\/uploads\/sites\/4\/logo-large-genus-intelligen.png"},{"@type":"BreadcrumbList","@id":"https:\/\/www.genusintelligen.com\/pt\/contact-us\/#breadcrumb","itemListElement":[{"@type":"ListItem","position":1,"name":"Home","item":"https:\/\/www.genusintelligen.com\/pt\/"},{"@type":"ListItem","position":2,"name":"Contate-Nos"}]},{"@type":"WebSite","@id":"https:\/\/www.genusintelligen.com\/pt\/#website","url":"https:\/\/www.genusintelligen.com\/pt\/","name":"Genus IntelliGen Technologies","description":"Welcome to the Future of Animal Biotechnology","potentialAction":[{"@type":"SearchAction","target":{"@type":"EntryPoint","urlTemplate":"https:\/\/www.genusintelligen.com\/pt\/?s={search_term_string}"},"query-input":{"@type":"PropertyValueSpecification","valueRequired":true,"valueName":"search_term_string"}}],"inLanguage":"pt-PT"}]}},"jetpack_sharing_enabled":true,"jetpack_shortlink":"https:\/\/wp.me\/Pbh8VE-4p","_links":{"self":[{"href":"https:\/\/www.genusintelligen.com\/pt\/wp-json\/wp\/v2\/pages\/273"}],"collection":[{"href":"https:\/\/www.genusintelligen.com\/pt\/wp-json\/wp\/v2\/pages"}],"about":[{"href":"https:\/\/www.genusintelligen.com\/pt\/wp-json\/wp\/v2\/types\/page"}],"author":[{"embeddable":true,"href":"https:\/\/www.genusintelligen.com\/pt\/wp-json\/wp\/v2\/users\/503"}],"replies":[{"embeddable":true,"href":"https:\/\/www.genusintelligen.com\/pt\/wp-json\/wp\/v2\/comments?post=273"}],"version-history":[{"count":11,"href":"https:\/\/www.genusintelligen.com\/pt\/wp-json\/wp\/v2\/pages\/273\/revisions"}],"predecessor-version":[{"id":894,"href":"https:\/\/www.genusintelligen.com\/pt\/wp-json\/wp\/v2\/pages\/273\/revisions\/894"}],"wp:attachment":[{"href":"https:\/\/www.genusintelligen.com\/pt\/wp-json\/wp\/v2\/media?parent=273"}],"curies":[{"name":"wp","href":"https:\/\/api.w.org\/{rel}","templated":true}]}}