{"id":259,"date":"2017-08-03T16:42:59","date_gmt":"2017-08-03T16:42:59","guid":{"rendered":"http:\/\/www.www.genusintelligen.com\/\/?page_id=259"},"modified":"2020-02-13T13:14:50","modified_gmt":"2020-02-13T12:14:50","slug":"genus-intelligen-technologies","status":"publish","type":"page","link":"https:\/\/www.genusintelligen.com\/pt\/","title":{"rendered":"Genus IntelliGen Technologies"},"content":{"rendered":"\n\t\t\t<h1>BEM-VINDO AO FUTURO DA BIOTECNOLOGIA ANIMAL<\/h1>\t\t\t\n\t\t\t\t<p>Como l\u00edder mundial na aplica\u00e7\u00e3o da ci\u00eancia \u00e0 cria\u00e7\u00e3o de animais, a Genus plc criou a plataforma tecnol\u00f3gica IntelliGen\u00ae Technologies. Possibilitamos que os clientes atinjam seus objetivos em gen\u00e9tica animal por meio da tecnologia<\/p>\n\t\t\t<h2>NOSSA MISS\u00c3O<\/h2>\n\t\t\t\t\t\t\t<p>Oferecemos a melhor equipe, tecnologia e inova\u00e7\u00e3o para agregar valor aos produtos gen\u00e9ticos.<\/p>\t\t\t\t\t\t\n\t\t\t\t\t\t\t<p>Oferecer op\u00e7\u00f5es a n\u00edvel mundial. Permitir que nossos clientes atinjam seus objetivos exclusivos.<\/p>\t\t\t\t\t\t\n\t\t\t\t<img decoding=\"async\" src=\"https:\/\/www.genusintelligen.com\/pt\/wp-content\/uploads\/sites\/24\/2019\/07\/logo-intelligen-technologies-tm.png\" alt=\"logo-intelligen-technologies-tm\" \/>\n\t\t<h3>NOSSA TECNOLOGIA<\/h3><p>\u00c9 o que voc\u00ea estava esperando<\/p>\n\t\t\t\t<p>A IntelliGen \u00e9 a \u00fanica tecnologia de sexagem de s\u00eamen por incapacita\u00e7\u00e3o a laser (de c\u00e9lulas do sexo indesejado) dispon\u00edvel no mercado mundial. Utilizando os avan\u00e7os mais recentes em lasers e microfluidos, a tecnologia IntelliGen oferece gen\u00e9tica bovina sexada com fertilidade e efici\u00eancia requeridas pelo mercado atual.<\/p>\n\t\t\t\t<p><strong>Benef\u00edcios da gen\u00e9tica bovina sexada:<\/strong><\/p>\n<ul>\n<li>Permite a reposi\u00e7\u00e3o a partir do pr\u00f3prio rebanho, produzindo filhas das melhores f\u00eameas. Reduz os riscos de biosseguran\u00e7a e elimina a incerteza na compra de animais de terceiros.<\/li>\n<li>Pesquisas mostram que vacas que parem f\u00eameas no primeiro e segundo parto, produzem, aproximadamente, 445 kg de leite a mais nas duas primeiras lacta\u00e7\u00f5es<a href=\"#_ftn1\" name=\"_ftnref1\">[1]<\/a>.<\/li>\n<\/ul>\n<ul>\n<li>Menor risco de dificuldade de parto em vacas gestantes de f\u00eameas.<\/li>\n<li>\u00a0R\u00e1pido aumento no progresso gen\u00e9tico, combinando as f\u00eameas geneticamente superiores com a gen\u00e9tica sexada da IntelliGen.<\/li>\n<\/ul>\n<p><em><a href=\"https:\/\/www.cdn.ca\/document.php?id=348\" name=\"_ftn1\">[1]Jornal CDN &#8211; Sex-biased milk production \u2013 Edi\u00e7\u00e3o de Mar\u00e7o de 2014<\/a><\/em><\/p>\n\t<span class=\"embed-youtube\" style=\"text-align:center; display: block;\"><iframe loading=\"lazy\" class=\"youtube-player\" width=\"560\" height=\"315\" src=\"https:\/\/www.youtube.com\/embed\/yNTkrUg4_PI?version=3&#038;rel=1&#038;showsearch=0&#038;showinfo=1&#038;iv_load_policy=1&#038;fs=1&#038;hl=pt-PT&#038;autohide=2&#038;wmode=transparent\" allowfullscreen=\"true\" style=\"border:0;\" sandbox=\"allow-scripts allow-same-origin allow-popups allow-presentation allow-popups-to-escape-sandbox\"><\/iframe><\/span>\n\t\t\t<h3>A equipe da IntelliGen Technologies incorpora biologia com engenharia . A combina\u00e7\u00e3o de especialistas formou uma equipe not\u00e1vel e uma tecnologia excepcional.<\/h3>\t\t\t\n\t\t\t\t<p><strong>Nossa tecnologia inovadora tem:<\/strong><\/p>\n\t\t\t\t<p>\u00a0Valida\u00e7\u00e3o em testes de campo<\/p>\n\t\t\t\t<p>Flexibilidade de acesso \u00e0 tecnologia<\/p>\n\t\t\t\t<p>\u00a0Suporte e Servi\u00e7o global<\/p>\n\t\t\t\t<p>\u00a0Pesquisa &amp; Desenvolvimento avan\u00e7ados<\/p>\n\t\t\t\t<img decoding=\"async\" src=\"https:\/\/www.genusintelligen.com\/pt\/wp-content\/uploads\/sites\/24\/2019\/07\/logo-powered-by-intelligen-white.png\" alt=\"logo-powered-by-intelligen-white\" \/>\n\t\t<h3>Procure pelo selo de qualidade no mercado de gen\u00e9tica &#8211; Powered by IntelliGen<sup>\u00ae<\/sup> Technologies.<\/h3>\t\t\t\n\t\t\t\t<img decoding=\"async\" src=\"https:\/\/www.genusintelligen.com\/pt\/wp-content\/uploads\/sites\/24\/2019\/07\/sexcel-logo-croped-1.png\" alt=\"sexcel-logo-croped-1\" \/>\n\t\t\t\t\t\t\t\t<h3 class='uabb-testimonial-author-name testimonial-author-name'>Nate Zwald, COO Leite ABS<\/h3>\t\t\t\t\t\t\t\t\n\t\t\t\t\t\t\t\t\tGen\u00e9tica Sexada Sexcel\t\t\t\t\t\t\t\t\n\t\t\t\t\t\t\t<p><a href=\"http:\/\/www.abssexcel.com\/\" target=\"_blank\" rel=\"noopener noreferrer\">\u00c9 um grande orgulho e satisfa\u00e7\u00e3o para a nossa equipe poder oferecer uma nova tecnologia para nossos clientes. Eles responderam com muito entusiasmo ao Sexcel.<\/a><a href=\"http:\/\/www.abssexcel.com\/\" target=\"_blank\" rel=\"noopener noreferrer\">Visite ABS Sexcel<\/a><\/p>\t\t\t\t\t\t\n\t\t\t\t<img decoding=\"async\" src=\"https:\/\/www.genusintelligen.com\/pt\/wp-content\/uploads\/sites\/24\/2019\/07\/norwegianreg-logo.png\" alt=\"norwegianreg-logo\" \/>\n\t\t\t\t\t\t\t\t<h3 class='uabb-testimonial-author-name testimonial-author-name'>Lars Kristian Bredahl, Geno COO International<\/h3>\t\t\t\t\t\t\t\t\n\t\t\t\t\t\t\t\t\tS\u00eamen Sexado da ra\u00e7a Noruegu\u00eas Vermelho \t\t\t\t\t\t\t\t\n\t\t\t\t\t\t\t<p><a href=\"https:\/\/www.norwegianred.com\/GenoGlobal\/Newsarchive\/sexing-technology\/\">Como organiza\u00e7\u00e3o, estamos muito entusiasmados com a oportunidade de oferecer esta plataforma de tecnologia aos nossos produtores. Promover a oferta de gen\u00e9tica sexada, que difere das outras, permite que os criadores da ra\u00e7a Noruegu\u00eas Vermelho aumentem sua gen\u00e9tica como nunca.<\/a><a href=\"https:\/\/www.norwegianred.com\/GenoGlobal\/Newsarchive\/sexing-technology\/\"> Como organiza\u00e7\u00e3o, estamos muito entusiasmados com a oportunidade de oferecer esta plataforma tecnol\u00f3gica aos nossos\u00a0 produtores&#8230;.<\/a><a href=\"https:\/\/www.norwegianred.com\/GenoGlobal\/Newsarchive\/sexing-technology\/\" target=\"_blank\" rel=\"noopener noreferrer\">Visite Geno<\/a><\/p>\t\t\t\t\t\t\n\t\t\t\t\t\t\n\t\t\t\t\t\t\t\n\t\t\t\t<img decoding=\"async\" src=\"https:\/\/www.genusintelligen.com\/pt\/wp-content\/uploads\/sites\/24\/2019\/07\/logo-intelligen-technologies-tm.png\" alt=\"logo-intelligen-technologies-tm\" \/>\n\t\t<h3>Por que fazer parte da equipe IntelliGen Technologies?<\/h3><p>Melhore sua carreira  na IntelliGen<sup>\u00ae<\/sup> Technologies<\/p>\n\t\t\t\t\t\t<h4>O que voc\u00ea faz ajudar\u00e1 a nutrir o mundo.<\/h4>\n\t\t\t<p>\u00c0 medida que a popula\u00e7\u00e3o global cresce, a demanda por prote\u00edna animal aumenta. Como resultado, os produtores precisam explorar mais seus rebanhos, de forma mais eficaz e eficiente do que nunca. Estamos ajudando os produtores de leite a atender essa necessidade, desenvolvendo e fornecendo tecnologia que produz mais vacas leiteiras, para produzir leite e nutrir o mundo.<\/p>\n\t\t\t\t\t\t<h4>Voc\u00ea vai se juntar aos melhores e mais brilhantes profissionais.<\/h4>\n\t\t\t<p>Nossa equipe utiliza m\u00e9todos e processos baseados em engenharia aplicados a fisiologia animal. Reunimos pessoas com experi\u00eancia, colaborando em diferentes \u00e1reas de conhecimento para formar uma equipe excepcional, em qualquer setor<\/p>\n\t\t\t\t\t\t<h4>Voc\u00ea far\u00e1 parte do DNA de uma equipe l\u00edder mundial<\/h4>\n\t\t\t<p>Somos verdadeiramente globais, com uma equipe que abrange quatro continentes, de diversas origens. A colabora\u00e7\u00e3o entre colegas de diferentes pa\u00edses, com pap\u00e9is diferentes, \u00e9 nossa forma di\u00e1ria de trabalho. Quando voc\u00ea se une \u00e0 IntelliGen Technologies, voc\u00ea se torna parte dessa organiza\u00e7\u00e3o colaborativa global.<\/p>\n\t\t\t\t\t\t<h4>Voc\u00ea pode despontar em sua carreira profissional.<\/h4>\n\t\t\t<p>Desenvolvimento profissional, aprendizado e crescimento, talentos e gerenciamento de desempenho s\u00e3o compromissos fundamentais para todos os funcion\u00e1rios. Voc\u00ea pode contar com esses fundamentos ao longo de sua carreira.<\/p>\n\t\t\t\t\t\t<h4>Voc\u00ea pode herdar nossa paix\u00e3o por fazer melhor a cada dia<\/h4>\n\t\t\t<p>Voc\u00ea trabalhar\u00e1 ao lado de pessoas motivadas, dedicadas a agir de maneira respons\u00e1vel, colaborando de maneira eficaz e fazendo a diferen\u00e7a no mundo e, ao mesmo tempo, melhorando efici\u00eancias e processos.<\/p>\n\t\t\t<a href=\"https:\/\/www.genusintelligen.com\/pt\/jobs\" target=\"_self\" role=\"button\" rel=\"noopener noreferrer\">\n\t\t\t\t\t\t\tVer vagas abertas\n\t\t<\/a>\n\t\t\t<h2>Equipe IntelliGen Technologies<\/h2><p>N\u00e3o existem grandes tecnologias sem grandes talentos. N\u00f3s adquirimos, desenvolvemos e formamos grandes talentos na IntelliGen Technologies.<\/p>\t\t\t\n\t\t\t\t<ul>\n<li>\u00a0Nossa equipe vem de diversas origens e experi\u00eancias. Esses especialistas formam uma equipe de biotecnologia \u00fanica e excepcional.<\/li>\n<li>IntelliGen Technologies \u00e9 uma unidade da Genus plc. A Genus \u00e9 pioneira no setor devido as pessoas.<\/li>\n<li>Trabalhamos em conjunto com a equipe de Pesquisa &amp; Desenvolvimento da Genus para compartilhar conhecimento e desenvolver produtos de acordo as necessidades dos clientes globais.<\/li>\n<li>A IntelliGen Technologies adota a vis\u00e3o da Genus &#8220;Pioneirismo no melhoramento gen\u00e9tico animal para ajudar a nutrir o mundo&#8221; e os valores da Genus: centrada no cliente, focada em resultados, pioneirismo, focada em pessoas e respons\u00e1vel.<\/li>\n<\/ul>\n\t\n\t\t\t\t<p>Nos dedicamos a uma vis\u00e3o comum: fornecer ao mercado de gen\u00e9tica inova\u00e7\u00e3o, diferencia\u00e7\u00e3o e solu\u00e7\u00f5es flex\u00edveis para que nossos clientes possam alcan\u00e7ar seus objetivos.<\/p>\n<p><strong>Comece sua carreira na IntelliGen. <\/strong><\/p>\n\t\t\t<a href=\"https:\/\/www.genusintelligen.com\/pt\/jobs\" target=\"_self\" role=\"button\" rel=\"noopener noreferrer\">\n\t\t\t\t\t\t\tVer vagas abertas\n\t\t<\/a>\n\t\t\t\t<img decoding=\"async\" src=\"https:\/\/www.genusintelligen.com\/pt\/wp-content\/uploads\/sites\/24\/2019\/07\/logo-intelligen-technologies-tm.png\" alt=\"logo-intelligen-technologies-tm\" \/>\n\t\t<h3>Sobre n\u00f3s<\/h3><p>Possibilitamos  que nossos clientes atinjam seus objetivos, hoje.<\/p>\n\t\t\t\t<p>A IntelliGen Technologies adota a vis\u00e3o da <a href=\"_wp_link_placeholder\" data-wplink-edit=\"true\">Genus<\/a> &#8220;Pioneirismo no melhoramento gen\u00e9tico animal para ajudar a nutrir o mundo&#8221; e os valores da Genus: centrada no cliente, focada em resultados, pioneirismo, focada em pessoas e respons\u00e1vel.<\/p>\n<p><strong><em>Passe o mouse para saber mais<\/em><\/strong><\/p>\n\t\t\t\t\t\t<p><img decoding=\"async\" src=\"https:\/\/www.genusintelligen.com\/pt\/wp-content\/uploads\/sites\/24\/2020\/02\/experiencia.png\" \/><\/p>\n\t\t\t<!-- END .front -->\n\t\t\t\t\t\t<p>Nosso sucesso \u00e9 medido pela satisfa\u00e7\u00e3o do cliente, seja a ind\u00fastria gen\u00e9tica ou seus clientes, produtores de leite e carne em todo o mundo. Nossa tecnologia funciona no campo e tudo o que fazemos \u00e9 focado na experi\u00eancia do cliente.<\/p>\t\t\t\t\t\n\t\t\t<!-- END .back -->\n\t\t <!-- ifb-flip-box -->\n\t <!-- flip-box -->\n\t\t\t\t\t\t<p><img decoding=\"async\" src=\"https:\/\/www.genusintelligen.com\/pt\/wp-content\/uploads\/sites\/24\/2020\/02\/tech-quality-update-pN.png\" \/><\/p>\n\t\t\t<!-- END .front -->\n\t\t\t\t\t\t<p>Nossos pilares de sucesso garantem a melhor experi\u00eancia do cliente. Nossos m\u00e9todos de fabrica\u00e7\u00e3o e processos s\u00e3o os melhores do mundo. Isto \u00e9 complementado por nossos rigorosos padr\u00f5es de qualidade, para garantir a mais alta qualidade no mercado. N\u00f3s n\u00e3o somos complacentes, continuar a melhorar os processos e a efici\u00eancia faz parte do que fazemos.<\/p>\t\t\t\t\t\n\t\t\t<!-- END .back -->\n\t\t <!-- ifb-flip-box -->\n\t <!-- flip-box -->\n\t\t\t\t\t\t<p><img decoding=\"async\" src=\"https:\/\/www.genusintelligen.com\/pt\/wp-content\/uploads\/sites\/24\/2019\/07\/people-p.png\" \/><\/p>\n\t\t\t<!-- END .front -->\n\t\t\t\t\t\t<p>N\u00e3o h\u00e1 grande tecnologia sem grandes talentos. N\u00f3s adquirimos, desenvolvemos e formamos grandes talentos para construir uma base s\u00f3lida na IntelliGen Technologies.<\/p>\t\t\t\t\t\n\t\t\t<!-- END .back -->\n\t\t <!-- ifb-flip-box -->\n\t <!-- flip-box -->\n\t\t\t\t<img decoding=\"async\" src=\"https:\/\/www.genusintelligen.com\/wp-content\/uploads\/sites\/4\/logo-intelligen-technologies-tm.png\" alt=\"logo-intelligen-technologies-tm\" \/>\n\t\t<h3>ABOUT US<\/h3><p>Enabling our customers to achieve their unique objectives today<\/p>\n\t\t\t\t<p>IntelliGen Technologies embraces <a title=\"Genus plc target=\" href=\"https:\/\/www.genusplc.com\/\">Genus plc<\/a> vision \u201cPioneering Animal Genetic Improvement to Help Nourish the World\u201d and the Genus strategies: customer centric, results driven, pioneering, people-focused and responsible.<\/p>\n<p>Our success is measured by customer satisfaction whether the genetics industry or their customers, the dairy and beef farmers around the world. Our technology performs in the field and everything we do is focused on the customer\u2019s experience.<\/p>\n<p>Our pillars of success ensure the best customer experience. We have a world-class process and manufacturing system in place. This is complemented by our firm quality requirements, we live by our words and standards ensuring the highest quality in the marketplace. We are not complacent, continuing to improve processes and efficiencies is part of what we do.<\/p>\n<p>There is no great technology without great people. We acquire, develop and nourish great talent to build a solid foundation at IntelliGen Technologies.<\/p>\n<p><img decoding=\"async\" src=\"https:\/\/www.genusintelligen.com\/wp-content\/uploads\/sites\/4\/abvout-us-blueprint-rectangle.png\" \/><\/p>\n\t<em>A IntelliGen Technologies opera atrav\u00e9s da ABS Global, Inc., uma subsidi\u00e1ria da Genus Plc.<br \/>\n<\/em>\n\t\t\t<h3>Our values align with Genus values:<\/h3>\t\t\t\n\t\t\t\t<img decoding=\"async\" src=\"https:\/\/www.genusintelligen.com\/wp-content\/uploads\/sites\/4\/Asset-1.svg\" alt=\"customer centric\" title=\"customer-centric\" \/>\n\t\t\t\t<p>CUSTOMER CENTRIC<\/p>\n\t\t\t\t<img decoding=\"async\" src=\"https:\/\/www.genusintelligen.com\/wp-content\/uploads\/sites\/4\/Asset-2.svg\" alt=\"RESULTS DRIVEN\" title=\"RESULTS DRIVEN\" \/>\n\t\t\t\t<p>RESULTS DRIVEN<\/p>\n\t\t\t\t<img decoding=\"async\" src=\"https:\/\/www.genusintelligen.com\/wp-content\/uploads\/sites\/4\/Asset-3.svg\" alt=\"Pioneering\" title=\"Pioneering\" \/>\n\t\t\t\t<p>PIONEERING<\/p>\n\t\t\t\t<img decoding=\"async\" src=\"https:\/\/www.genusintelligen.com\/wp-content\/uploads\/sites\/4\/Asset-4.svg\" alt=\"PEOPLE-FOCUSED\" title=\"PEOPLE-FOCUSED\" \/>\n\t\t\t\t<p>PEOPLE-FOCUSED<\/p>\n\t\t\t\t<img decoding=\"async\" src=\"https:\/\/www.genusintelligen.com\/wp-content\/uploads\/sites\/4\/Asset-5.svg\" alt=\"RESPONSIBLE\" title=\"RESPONSIBLE\" \/>\n\t\t\t\t<p>RESPONSIBLE<\/p>\n\t\t\t<h2>Interessado em nossa tecnologia?<\/h2>\t\t\t\n\t\t\t<a href=\"https:\/\/www.genusintelligen.com\/pt\/contact-us\/\" target=\"_self\" role=\"button\" rel=\"noopener noreferrer\">\n\t\t\t\t\t\t\t<strong>Entre em contato!<\/strong>\n\t\t<\/a>\n","protected":false},"excerpt":{"rendered":"<p>BEM-VINDO AO FUTURO DA BIOTECNOLOGIA ANIMAL Como l\u00edder mundial na aplica\u00e7\u00e3o da ci\u00eancia \u00e0 cria\u00e7\u00e3o de animais, a Genus plc criou a plataforma tecnol\u00f3gica IntelliGen\u00ae Technologies. Possibilitamos que os clientes atinjam seus objetivos em gen\u00e9tica animal por meio da tecnologia NOSSA MISS\u00c3O Oferecemos a melhor equipe, tecnologia e inova\u00e7\u00e3o para agregar valor aos produtos gen\u00e9ticos.&hellip;<\/p>\n","protected":false},"author":3,"featured_media":0,"parent":0,"menu_order":0,"comment_status":"closed","ping_status":"closed","template":"","meta":{"_acf_changed":false,"jetpack_post_was_ever_published":false,"footnotes":""},"class_list":["post-259","page","type-page","status-publish","hentry"],"acf":[],"yoast_head":"<!-- This site is optimized with the Yoast SEO Premium plugin v23.7 (Yoast SEO v23.7) - https:\/\/yoast.com\/wordpress\/plugins\/seo\/ -->\n<title>Genus IntelliGen Technologies<\/title>\n<meta name=\"description\" content=\"As a world leader in applying science to animal breeding, Genus plc created the technology platform IntelliGen\u00ae Technologies. We enable customers to achieve their unique animal genetic objectives through technology.\" \/>\n<meta name=\"robots\" content=\"index, follow, max-snippet:-1, max-image-preview:large, max-video-preview:-1\" \/>\n<link rel=\"canonical\" href=\"https:\/\/www.genusintelligen.com\/pt\/\" \/>\n<meta property=\"og:locale\" content=\"pt_PT\" \/>\n<meta property=\"og:type\" content=\"article\" \/>\n<meta property=\"og:title\" content=\"Genus IntelliGen Technologies\" \/>\n<meta property=\"og:description\" content=\"As a world leader in applying science to animal breeding, Genus plc created the technology platform IntelliGen\u00ae Technologies. We enable customers to achieve their unique animal genetic objectives through technology.\" \/>\n<meta property=\"og:url\" content=\"https:\/\/www.genusintelligen.com\/pt\/\" \/>\n<meta property=\"og:site_name\" content=\"Intelligen Portugal\" \/>\n<meta property=\"article:publisher\" content=\"https:\/\/www.facebook.com\/absglobal\/\" \/>\n<meta property=\"article:modified_time\" content=\"2020-02-13T12:14:50+00:00\" \/>\n<meta property=\"og:image\" content=\"https:\/\/www.genusintelligen.com\/pt\/wp-content\/uploads\/sites\/24\/2019\/07\/logo-intelligen-technologies-tm.png\" \/>\n<meta name=\"twitter:card\" content=\"summary_large_image\" \/>\n<meta name=\"twitter:site\" content=\"@ABS_Global_Inc\" \/>\n<meta name=\"twitter:label1\" content=\"Est. reading time\" \/>\n\t<meta name=\"twitter:data1\" content=\"6 minutos\" \/>\n<script type=\"application\/ld+json\" class=\"yoast-schema-graph\">{\"@context\":\"https:\/\/schema.org\",\"@graph\":[{\"@type\":\"WebPage\",\"@id\":\"https:\/\/www.genusintelligen.com\/pt\/\",\"url\":\"https:\/\/www.genusintelligen.com\/pt\/\",\"name\":\"Genus IntelliGen Technologies\",\"isPartOf\":{\"@id\":\"https:\/\/www.genusintelligen.com\/pt\/#website\"},\"primaryImageOfPage\":{\"@id\":\"https:\/\/www.genusintelligen.com\/pt\/#primaryimage\"},\"image\":{\"@id\":\"https:\/\/www.genusintelligen.com\/pt\/#primaryimage\"},\"thumbnailUrl\":\"https:\/\/www.genusintelligen.com\/pt\/wp-content\/uploads\/sites\/24\/2019\/07\/logo-intelligen-technologies-tm.png\",\"datePublished\":\"2017-08-03T16:42:59+00:00\",\"dateModified\":\"2020-02-13T12:14:50+00:00\",\"description\":\"As a world leader in applying science to animal breeding, Genus plc created the technology platform IntelliGen\u00ae Technologies. We enable customers to achieve their unique animal genetic objectives through technology.\",\"breadcrumb\":{\"@id\":\"https:\/\/www.genusintelligen.com\/pt\/#breadcrumb\"},\"inLanguage\":\"pt-PT\",\"potentialAction\":[{\"@type\":\"ReadAction\",\"target\":[\"https:\/\/www.genusintelligen.com\/pt\/\"]}]},{\"@type\":\"ImageObject\",\"inLanguage\":\"pt-PT\",\"@id\":\"https:\/\/www.genusintelligen.com\/pt\/#primaryimage\",\"url\":\"https:\/\/www.genusintelligen.com\/pt\/wp-content\/uploads\/sites\/24\/2019\/07\/logo-intelligen-technologies-tm.png?fit=260%2C80\",\"contentUrl\":\"https:\/\/www.genusintelligen.com\/pt\/wp-content\/uploads\/sites\/24\/2019\/07\/logo-intelligen-technologies-tm.png?fit=260%2C80\",\"width\":260,\"height\":80},{\"@type\":\"BreadcrumbList\",\"@id\":\"https:\/\/www.genusintelligen.com\/pt\/#breadcrumb\",\"itemListElement\":[{\"@type\":\"ListItem\",\"position\":1,\"name\":\"Home\",\"item\":\"https:\/\/www.genusintelligen.com\/pt\/\"},{\"@type\":\"ListItem\",\"position\":2,\"name\":\"Genus IntelliGen Technologies\"}]},{\"@type\":\"WebSite\",\"@id\":\"https:\/\/www.genusintelligen.com\/pt\/#website\",\"url\":\"https:\/\/www.genusintelligen.com\/pt\/\",\"name\":\"Genus IntelliGen Technologies\",\"description\":\"Welcome to the Future of Animal Biotechnology\",\"potentialAction\":[{\"@type\":\"SearchAction\",\"target\":{\"@type\":\"EntryPoint\",\"urlTemplate\":\"https:\/\/www.genusintelligen.com\/pt\/?s={search_term_string}\"},\"query-input\":{\"@type\":\"PropertyValueSpecification\",\"valueRequired\":true,\"valueName\":\"search_term_string\"}}],\"inLanguage\":\"pt-PT\"}]}<\/script>\n<!-- \/ Yoast SEO Premium plugin. -->","yoast_head_json":{"title":"Genus IntelliGen Technologies","description":"As a world leader in applying science to animal breeding, Genus plc created the technology platform IntelliGen\u00ae Technologies. We enable customers to achieve their unique animal genetic objectives through technology.","robots":{"index":"index","follow":"follow","max-snippet":"max-snippet:-1","max-image-preview":"max-image-preview:large","max-video-preview":"max-video-preview:-1"},"canonical":"https:\/\/www.genusintelligen.com\/pt\/","og_locale":"pt_PT","og_type":"article","og_title":"Genus IntelliGen Technologies","og_description":"As a world leader in applying science to animal breeding, Genus plc created the technology platform IntelliGen\u00ae Technologies. We enable customers to achieve their unique animal genetic objectives through technology.","og_url":"https:\/\/www.genusintelligen.com\/pt\/","og_site_name":"Intelligen Portugal","article_publisher":"https:\/\/www.facebook.com\/absglobal\/","article_modified_time":"2020-02-13T12:14:50+00:00","og_image":[{"url":"https:\/\/www.genusintelligen.com\/pt\/wp-content\/uploads\/sites\/24\/2019\/07\/logo-intelligen-technologies-tm.png"}],"twitter_card":"summary_large_image","twitter_site":"@ABS_Global_Inc","twitter_misc":{"Est. reading time":"6 minutos"},"schema":{"@context":"https:\/\/schema.org","@graph":[{"@type":"WebPage","@id":"https:\/\/www.genusintelligen.com\/pt\/","url":"https:\/\/www.genusintelligen.com\/pt\/","name":"Genus IntelliGen Technologies","isPartOf":{"@id":"https:\/\/www.genusintelligen.com\/pt\/#website"},"primaryImageOfPage":{"@id":"https:\/\/www.genusintelligen.com\/pt\/#primaryimage"},"image":{"@id":"https:\/\/www.genusintelligen.com\/pt\/#primaryimage"},"thumbnailUrl":"https:\/\/www.genusintelligen.com\/pt\/wp-content\/uploads\/sites\/24\/2019\/07\/logo-intelligen-technologies-tm.png","datePublished":"2017-08-03T16:42:59+00:00","dateModified":"2020-02-13T12:14:50+00:00","description":"As a world leader in applying science to animal breeding, Genus plc created the technology platform IntelliGen\u00ae Technologies. We enable customers to achieve their unique animal genetic objectives through technology.","breadcrumb":{"@id":"https:\/\/www.genusintelligen.com\/pt\/#breadcrumb"},"inLanguage":"pt-PT","potentialAction":[{"@type":"ReadAction","target":["https:\/\/www.genusintelligen.com\/pt\/"]}]},{"@type":"ImageObject","inLanguage":"pt-PT","@id":"https:\/\/www.genusintelligen.com\/pt\/#primaryimage","url":"https:\/\/www.genusintelligen.com\/pt\/wp-content\/uploads\/sites\/24\/2019\/07\/logo-intelligen-technologies-tm.png?fit=260%2C80","contentUrl":"https:\/\/www.genusintelligen.com\/pt\/wp-content\/uploads\/sites\/24\/2019\/07\/logo-intelligen-technologies-tm.png?fit=260%2C80","width":260,"height":80},{"@type":"BreadcrumbList","@id":"https:\/\/www.genusintelligen.com\/pt\/#breadcrumb","itemListElement":[{"@type":"ListItem","position":1,"name":"Home","item":"https:\/\/www.genusintelligen.com\/pt\/"},{"@type":"ListItem","position":2,"name":"Genus IntelliGen Technologies"}]},{"@type":"WebSite","@id":"https:\/\/www.genusintelligen.com\/pt\/#website","url":"https:\/\/www.genusintelligen.com\/pt\/","name":"Genus IntelliGen Technologies","description":"Welcome to the Future of Animal Biotechnology","potentialAction":[{"@type":"SearchAction","target":{"@type":"EntryPoint","urlTemplate":"https:\/\/www.genusintelligen.com\/pt\/?s={search_term_string}"},"query-input":{"@type":"PropertyValueSpecification","valueRequired":true,"valueName":"search_term_string"}}],"inLanguage":"pt-PT"}]}},"jetpack_sharing_enabled":true,"jetpack_shortlink":"https:\/\/wp.me\/Pbh8VE-4b","_links":{"self":[{"href":"https:\/\/www.genusintelligen.com\/pt\/wp-json\/wp\/v2\/pages\/259"}],"collection":[{"href":"https:\/\/www.genusintelligen.com\/pt\/wp-json\/wp\/v2\/pages"}],"about":[{"href":"https:\/\/www.genusintelligen.com\/pt\/wp-json\/wp\/v2\/types\/page"}],"author":[{"embeddable":true,"href":"https:\/\/www.genusintelligen.com\/pt\/wp-json\/wp\/v2\/users\/3"}],"replies":[{"embeddable":true,"href":"https:\/\/www.genusintelligen.com\/pt\/wp-json\/wp\/v2\/comments?post=259"}],"version-history":[{"count":51,"href":"https:\/\/www.genusintelligen.com\/pt\/wp-json\/wp\/v2\/pages\/259\/revisions"}],"predecessor-version":[{"id":1070,"href":"https:\/\/www.genusintelligen.com\/pt\/wp-json\/wp\/v2\/pages\/259\/revisions\/1070"}],"wp:attachment":[{"href":"https:\/\/www.genusintelligen.com\/pt\/wp-json\/wp\/v2\/media?parent=259"}],"curies":[{"name":"wp","href":"https:\/\/api.w.org\/{rel}","templated":true}]}}