{"id":537,"date":"2018-08-13T18:01:02","date_gmt":"2018-08-13T23:01:02","guid":{"rendered":"http:\/\/www.www.genusintelligen.com\/\/?page_id=537"},"modified":"2019-07-31T18:29:32","modified_gmt":"2019-07-31T17:29:32","slug":"brand-guidelines","status":"publish","type":"page","link":"https:\/\/www.genusintelligen.com\/es\/brand-guidelines\/","title":{"rendered":"Lineamientos de la marca"},"content":{"rendered":"<h2>\n\t\tLineamientos de uso de Genus IntelliGen Technologies para marcas registradas, derechos de autor y marcas\n\t<\/h2>\n\t\t\t<h3>Filosof\u00eda sobre marcas registradas y marcas<\/h3>\t\t\t\n\t\t\t\t<p>Las marcas registradas y la marca de Genus IntelliGen<sup>\u00ae<\/sup> Technologies (\u201cIntelliGen\u201d) son propiedad intelectual de Genus plc o de una de sus subsidiarias (\u201cGenus\u201d). Las marcas registradas de IntelliGen son una parte importante de la creaci\u00f3n y el mantenimiento de la equidad de la marca IntelliGen. Estos lineamientos rigen el uso de todas las marcas registradas y las marcas de IntelliGen en todos y cada uno de los anuncios publicitarios, publicaciones, presentaciones, boletines informativos, documentos y otras comunicaciones p\u00fablicas, independientemente de su forma (por ejemplo, escrita, electr\u00f3nica, verbal, en video, fotogr\u00e1fica, etc.).<\/p>\n\t\t\t<h3>\u00bfA qui\u00e9n se aplican estos lineamientos?<\/h3>\t\t\t\n\t\t\t\t<p>Las marcas registradas de IntelliGen solo se pueden usar bajo una licencia de marca registrada v\u00e1lida de Genus. El uso de las marcas registradas de IntelliGen est\u00e1 sujeto a estos lineamientos y a cualquier otro t\u00e9rmino acordado bajo su licencia de marca registrada. Tenga en cuenta que:<\/p>\n<ul>\n<li>Los acuerdos de licencia de marcas registradas pueden ser independientes o estar incluidos en un contrato de suministro, contrato de servicios, licencia de tecnolog\u00eda, contrato de distribuci\u00f3n u otro acuerdo escrito de IntelliGen; y<\/li>\n<li>El uso de las marcas registradas de IntelliGen est\u00e1 limitado a las marcas registradas especificadas en su acuerdo de licencia.<\/li>\n<\/ul>\n<p>Dirija cualquier pregunta relacionada con estos lineamientos de marcas registradas y marca a: <a href=\"mailto:Kylene.anderson@genusplc.com\">Kylene.anderson@genusplc.com<\/a><\/p>\n\t\t\t<h2>Marcas registradas de IntelliGen Technologies<\/h2>\t\t\t\n\t\t\t<p><strong>Marca registrada<\/strong><\/p>\t\t\t\n\t\t\t<p><strong>Tipo de marca<\/strong><\/p>\t\t\t\n\t\t\t<p><strong>TM o (R)<\/strong><\/p>\t\t\t\n\t\t\t\t<img decoding=\"async\" src=\"https:\/\/www.genusintelligen.com\/wp-content\/uploads\/sites\/4\/logo-powered-by-intelligen.png\" alt=\"logo-powered-by-intelligen\" itemprop=\"image\" title=\"logo-powered-by-intelligen\"  \/>\n\t\t\t\t<p>Logo<\/p>\n\t\t\t\t<p>N\/A (imbedded)<\/p>\n\t\t\t\t<p>IntelliGen[\u00ae\/\u2122]<\/p>\n\t\t\t\t<p>Marca denominativa<\/p>\n\t<a href=\"https:\/\/www.genusintelligen.com\/es\/branding-country-chart\/\" target=\"_self\" rel=\"noopener noreferrer\"><\/a>\n\t\t\t\t<p>Ver tabla de pa\u00edses<\/p>\n\t\t\t\t<p>IntelliGen[\u00ae\/\u2122] Technologies<\/p>\n\t\t\t\t<p>Marca denominativa<\/p>\n\t<a href=\"https:\/\/www.genusintelligen.com\/es\/branding-country-chart\/\" target=\"_self\" rel=\"noopener noreferrer\"><\/a>\n\t\t\t\t<p>Ver tabla de pa\u00edses<\/p>\n\t\t\t\t<p>GIGT\u2122<\/p>\n\t\t\t\t<p>Marca denominativa<\/p>\n\t\t\t\t<p>TM<\/p>\n\t\t\t<h2>Cu\u00e1ndo utilizar las marcas registradas de IntelliGen<\/h2>\t\t\t\n\t\t\t\t<ul>\n<li><strong><u>Logotipo Impulsado por IntelliGen Technologies<\/u><\/strong>: Al comercializar o hacer referencia p\u00fablica a productos gen\u00e9ticos sexados creados con tecnolog\u00eda IntelliGen, siempre haga referencia a la tecnolog\u00eda IntelliGen de la siguiente manera:\n<ul>\n<li>La marca registrada \u201cIntelliGen\u201d debe usarse con el logotipo Impulsado por IntelliGen siempre que sea pr\u00e1ctico;<\/li>\n<li>El logotipo de IntelliGen debe aparecer en un tama\u00f1o igual al del nombre de la marca del semen sexado del licenciatario; y<\/li>\n<li>Si no es pr\u00e1ctico utilizar el logotipo de IntelliGen, el licenciatario deber\u00e1 utilizar el lema \u201c<em>Impulsado por IntelliGen<\/em>[\u00ae\/\u2122]<em> Technologies\u201d<\/em>, que deber\u00e1 mostrarse de forma prominente, de manera que quede claro para un miembro t\u00edpico de la audiencia que el producto de semen sexado del licenciatario se produjo con la tecnolog\u00eda IntelliGen.<\/li>\n<\/ul>\n<\/li>\n<\/ul>\n<ul>\n<li><strong>Marcas denominativas de Intelligen\/IntelliGen Technologies<\/strong>: Al comercializar o hacer referencia p\u00fablica a la tecnolog\u00eda, proceso o servicios de procesamiento de IntelliGen, utilice las marcas registradas \u201cIntelliGen[\u00ae\/\u2122]\u201d o \u201cIntelliGen[\u00ae\/\u2122] Technologies\u201d.<\/li>\n<li><strong>GIGT<\/strong>: la marca registrada \u201cGIGT\u2122\u201d debe imprimirse en todas las pajillas de semen sexado producidas con la tecnolog\u00eda IntelliGen o (en caso de que se permita) en los envases de cualquier otro producto gen\u00e9tico sexado producido con semen sexado procesado con IntelliGen (por ejemplo, embriones).<\/li>\n<li>Consulte \u201c<strong>Otros aspectos<\/strong>\u201d \/ \u201c<strong>Lineamientos de dise\u00f1o<\/strong>\u201d \/ \u201c<strong>Paleta de colores<\/strong>\u201d para ver el dise\u00f1o, la colocaci\u00f3n y otros detalles sobre el uso de las marcas registradas de IntelliGen.<\/li>\n<\/ul>\n\t\t\t<h2>Revisi\u00f3n de materiales<\/h2>\t\t\t\n\t\t\t\t<ul>\n<li>Debe proporcionar copias de cualquier material de mercadotecnia u otro material que desee utilizar p\u00fablicamente que haga referencia a la tecnolog\u00eda IntelliGen o a cualquier producto gen\u00e9tico sexado que se produzca con la tecnolog\u00eda IntelliGen al menos 10 d\u00edas h\u00e1biles antes de la fecha prevista de uso.<\/li>\n<li>La traducci\u00f3n en ingl\u00e9s debe incluirse con cualquier material que no est\u00e9 en ingl\u00e9s.<\/li>\n<li>Al proporcionar el material, especifique el <u>lugar de uso<\/u> y el p\u00fablico al que va dirigido.<\/li>\n<li>El material deber\u00e1 enviarse a Kylene Anderson, a <a href=\"mailto:kylene.anderson@genusplc.com\">kylene.anderson@genusplc.com<\/a><\/li>\n<\/ul>\n\t\t\t<h2>Otros aspectos<\/h2>\t\t\t\n\t\t\t\t<ul>\n<li>IntelliGen le proporcionar\u00e1 un archivo electr\u00f3nico de alta resoluci\u00f3n del logotipo <em>\u201cImpulsado por IntelliGen Technologies\u201d<\/em>. Los licenciatarios solo usar\u00e1n el archivo proporcionado para usar el logotipo y no deber\u00e1n hacer capturas de pantalla ni copiar el logotipo de IntelliGen de otros materiales p\u00fablicos.<\/li>\n<li>No puede combinar el logotipo con ning\u00fan otro objeto, incluyendo, entre otros, otros logotipos, palabras, \u00edconos, gr\u00e1ficos, fotograf\u00edas, lemas, n\u00fameros u otros elementos de dise\u00f1o de una manera que implique que proviene de una fuente distinta a IntelliGen Technologies<\/li>\n<li>El departamento de mercadotecnia de IntelliGen proporcionar\u00e1 las versiones en color aprobadas del logotipo <em>Impulsado por IntelliGen Technologies<\/em>.<\/li>\n<li>No incorpore marcas registradas o logotipos de IntelliGen Technologies en sus propios nombres de productos, nombres de servicios, marcas registradas, logotipos o nombres de empresas y no adopte marcas o logotipos que sean similares y se confundan con las marcas y logotipos de IntelliGen Technologies<\/li>\n<\/ul>\n\t\t\t<h2>Lineamientos de dise\u00f1o<\/h2>\n\t\t\t<h3><strong>Logotipo Impulsado por IntelliGen Technologies<\/strong><\/h3>\t\t\t\n\t\t\t\t<p>Use los s\u00edmbolos \u00ae o TM como se indica en la <a href=\"file:\/\/\/C:\/branding-country-chart\/\">tabla de pa\u00edses<\/a>.<\/p>\n\t\t\t<h3><strong>GIGT en los envases<\/strong><\/h3>\t\t\t\n\t\t\t\t<p>Las pajillas deben tener la marca GIGT, en una fuente de igual o mayor tama\u00f1o que cualquier otra fuente en el envase. La marca debe estar en el lado opuesto del tap\u00f3n de la pajilla.<\/p>\n\t\t\t<h2>Paleta de colores<\/h2>\n\t\t\t\t<img decoding=\"async\" src=\"https:\/\/www.genusintelligen.com\/es\/wp-content\/uploads\/sites\/23\/2019\/07\/pantone-3165-c.png\" alt=\"pantone-3165-c\" itemprop=\"image\"\/>\n\t\t<h3>Pantone 3165 C<\/h3>\t\t\t\n\t\t\t\t<p><strong>PMS<\/strong> 3165 C<br \/><strong>CMYK:\u00a0<\/strong>100; 14; 0; 65<br \/><strong>sRGB:<\/strong>\u00a00; 77; 90<br \/><strong>Hex:<\/strong>\u00a0#004D5A<\/p>\n\t\t\t\t<img decoding=\"async\" src=\"https:\/\/www.genusintelligen.com\/es\/wp-content\/uploads\/sites\/23\/2019\/07\/pantone-7620-c.png\" alt=\"pantone-7620-c\" itemprop=\"image\"\/>\n\t\t<h3>Pantone 7620 C<\/h3>\t\t\t\n\t\t\t\t<p><strong>PMS<\/strong> 7620 C<br \/><strong>CMYK:\u00a0<\/strong>0; 75; 77; 26<br \/><strong>sRGB:<\/strong>\u00a0189; 47; 44<br \/><strong>Hex:<\/strong>\u00a0#BD2F2C<\/p>\n","protected":false},"excerpt":{"rendered":"<p>Lineamientos de uso de Genus IntelliGen Technologies para marcas registradas, derechos de autor y marcas Filosof\u00eda sobre marcas registradas y marcas Las marcas registradas y la marca de Genus IntelliGen\u00ae Technologies (\u201cIntelliGen\u201d) son propiedad intelectual de Genus plc o de una de sus subsidiarias (\u201cGenus\u201d). Las marcas registradas de IntelliGen son una parte importante de&hellip;<\/p>\n","protected":false},"author":503,"featured_media":0,"parent":0,"menu_order":0,"comment_status":"closed","ping_status":"closed","template":"","meta":{"_acf_changed":false,"jetpack_post_was_ever_published":false,"footnotes":""},"class_list":["post-537","page","type-page","status-publish","hentry"],"acf":[],"yoast_head":"<!-- This site is optimized with the Yoast SEO Premium plugin v23.7 (Yoast SEO v23.7) - https:\/\/yoast.com\/wordpress\/plugins\/seo\/ -->\n<title>Lineamientos de la marca - Intelligen SPAIN<\/title>\n<meta name=\"robots\" content=\"index, follow, max-snippet:-1, max-image-preview:large, max-video-preview:-1\" \/>\n<link rel=\"canonical\" href=\"https:\/\/www.genusintelligen.com\/es\/brand-guidelines\/\" \/>\n<meta property=\"og:locale\" content=\"es_ES\" \/>\n<meta property=\"og:type\" content=\"article\" \/>\n<meta property=\"og:title\" content=\"Lineamientos de la marca\" \/>\n<meta property=\"og:description\" content=\"Lineamientos de uso de Genus IntelliGen Technologies para marcas registradas, derechos de autor y marcas Filosof\u00eda sobre marcas registradas y marcas Las marcas registradas y la marca de Genus IntelliGen\u00ae Technologies (\u201cIntelliGen\u201d) son propiedad intelectual de Genus plc o de una de sus subsidiarias (\u201cGenus\u201d). Las marcas registradas de IntelliGen son una parte importante de&hellip;\" \/>\n<meta property=\"og:url\" content=\"https:\/\/www.genusintelligen.com\/es\/brand-guidelines\/\" \/>\n<meta property=\"og:site_name\" content=\"Intelligen SPAIN\" \/>\n<meta property=\"article:publisher\" content=\"https:\/\/www.facebook.com\/absglobal\/\" \/>\n<meta property=\"article:modified_time\" content=\"2019-07-31T17:29:32+00:00\" \/>\n<meta property=\"og:image\" content=\"https:\/\/www.genusintelligen.com\/wp-content\/uploads\/sites\/4\/logo-powered-by-intelligen.png\" \/>\n<meta name=\"twitter:card\" content=\"summary_large_image\" \/>\n<meta name=\"twitter:site\" content=\"@ABS_Global_Inc\" \/>\n<meta name=\"twitter:label1\" content=\"Est. reading time\" \/>\n\t<meta name=\"twitter:data1\" content=\"4 minutos\" \/>\n<script type=\"application\/ld+json\" class=\"yoast-schema-graph\">{\"@context\":\"https:\/\/schema.org\",\"@graph\":[{\"@type\":\"WebPage\",\"@id\":\"https:\/\/www.genusintelligen.com\/es\/brand-guidelines\/\",\"url\":\"https:\/\/www.genusintelligen.com\/es\/brand-guidelines\/\",\"name\":\"Lineamientos de la marca - Intelligen SPAIN\",\"isPartOf\":{\"@id\":\"https:\/\/www.genusintelligen.com\/es\/#website\"},\"primaryImageOfPage\":{\"@id\":\"https:\/\/www.genusintelligen.com\/es\/brand-guidelines\/#primaryimage\"},\"image\":{\"@id\":\"https:\/\/www.genusintelligen.com\/es\/brand-guidelines\/#primaryimage\"},\"thumbnailUrl\":\"https:\/\/www.genusintelligen.com\/wp-content\/uploads\/sites\/4\/logo-powered-by-intelligen.png\",\"datePublished\":\"2018-08-13T23:01:02+00:00\",\"dateModified\":\"2019-07-31T17:29:32+00:00\",\"breadcrumb\":{\"@id\":\"https:\/\/www.genusintelligen.com\/es\/brand-guidelines\/#breadcrumb\"},\"inLanguage\":\"es\",\"potentialAction\":[{\"@type\":\"ReadAction\",\"target\":[\"https:\/\/www.genusintelligen.com\/es\/brand-guidelines\/\"]}]},{\"@type\":\"ImageObject\",\"inLanguage\":\"es\",\"@id\":\"https:\/\/www.genusintelligen.com\/es\/brand-guidelines\/#primaryimage\",\"url\":\"https:\/\/www.genusintelligen.com\/wp-content\/uploads\/sites\/4\/logo-powered-by-intelligen.png\",\"contentUrl\":\"https:\/\/www.genusintelligen.com\/wp-content\/uploads\/sites\/4\/logo-powered-by-intelligen.png\"},{\"@type\":\"BreadcrumbList\",\"@id\":\"https:\/\/www.genusintelligen.com\/es\/brand-guidelines\/#breadcrumb\",\"itemListElement\":[{\"@type\":\"ListItem\",\"position\":1,\"name\":\"Home\",\"item\":\"https:\/\/www.genusintelligen.com\/es\/\"},{\"@type\":\"ListItem\",\"position\":2,\"name\":\"Lineamientos de la marca\"}]},{\"@type\":\"WebSite\",\"@id\":\"https:\/\/www.genusintelligen.com\/es\/#website\",\"url\":\"https:\/\/www.genusintelligen.com\/es\/\",\"name\":\"Genus IntelliGen Technologies\",\"description\":\"Welcome to the Future of Animal Biotechnology\",\"potentialAction\":[{\"@type\":\"SearchAction\",\"target\":{\"@type\":\"EntryPoint\",\"urlTemplate\":\"https:\/\/www.genusintelligen.com\/es\/?s={search_term_string}\"},\"query-input\":{\"@type\":\"PropertyValueSpecification\",\"valueRequired\":true,\"valueName\":\"search_term_string\"}}],\"inLanguage\":\"es\"}]}<\/script>\n<!-- \/ Yoast SEO Premium plugin. -->","yoast_head_json":{"title":"Lineamientos de la marca - Intelligen SPAIN","robots":{"index":"index","follow":"follow","max-snippet":"max-snippet:-1","max-image-preview":"max-image-preview:large","max-video-preview":"max-video-preview:-1"},"canonical":"https:\/\/www.genusintelligen.com\/es\/brand-guidelines\/","og_locale":"es_ES","og_type":"article","og_title":"Lineamientos de la marca","og_description":"Lineamientos de uso de Genus IntelliGen Technologies para marcas registradas, derechos de autor y marcas Filosof\u00eda sobre marcas registradas y marcas Las marcas registradas y la marca de Genus IntelliGen\u00ae Technologies (\u201cIntelliGen\u201d) son propiedad intelectual de Genus plc o de una de sus subsidiarias (\u201cGenus\u201d). Las marcas registradas de IntelliGen son una parte importante de&hellip;","og_url":"https:\/\/www.genusintelligen.com\/es\/brand-guidelines\/","og_site_name":"Intelligen SPAIN","article_publisher":"https:\/\/www.facebook.com\/absglobal\/","article_modified_time":"2019-07-31T17:29:32+00:00","og_image":[{"url":"https:\/\/www.genusintelligen.com\/wp-content\/uploads\/sites\/4\/logo-powered-by-intelligen.png"}],"twitter_card":"summary_large_image","twitter_site":"@ABS_Global_Inc","twitter_misc":{"Est. reading time":"4 minutos"},"schema":{"@context":"https:\/\/schema.org","@graph":[{"@type":"WebPage","@id":"https:\/\/www.genusintelligen.com\/es\/brand-guidelines\/","url":"https:\/\/www.genusintelligen.com\/es\/brand-guidelines\/","name":"Lineamientos de la marca - Intelligen SPAIN","isPartOf":{"@id":"https:\/\/www.genusintelligen.com\/es\/#website"},"primaryImageOfPage":{"@id":"https:\/\/www.genusintelligen.com\/es\/brand-guidelines\/#primaryimage"},"image":{"@id":"https:\/\/www.genusintelligen.com\/es\/brand-guidelines\/#primaryimage"},"thumbnailUrl":"https:\/\/www.genusintelligen.com\/wp-content\/uploads\/sites\/4\/logo-powered-by-intelligen.png","datePublished":"2018-08-13T23:01:02+00:00","dateModified":"2019-07-31T17:29:32+00:00","breadcrumb":{"@id":"https:\/\/www.genusintelligen.com\/es\/brand-guidelines\/#breadcrumb"},"inLanguage":"es","potentialAction":[{"@type":"ReadAction","target":["https:\/\/www.genusintelligen.com\/es\/brand-guidelines\/"]}]},{"@type":"ImageObject","inLanguage":"es","@id":"https:\/\/www.genusintelligen.com\/es\/brand-guidelines\/#primaryimage","url":"https:\/\/www.genusintelligen.com\/wp-content\/uploads\/sites\/4\/logo-powered-by-intelligen.png","contentUrl":"https:\/\/www.genusintelligen.com\/wp-content\/uploads\/sites\/4\/logo-powered-by-intelligen.png"},{"@type":"BreadcrumbList","@id":"https:\/\/www.genusintelligen.com\/es\/brand-guidelines\/#breadcrumb","itemListElement":[{"@type":"ListItem","position":1,"name":"Home","item":"https:\/\/www.genusintelligen.com\/es\/"},{"@type":"ListItem","position":2,"name":"Lineamientos de la marca"}]},{"@type":"WebSite","@id":"https:\/\/www.genusintelligen.com\/es\/#website","url":"https:\/\/www.genusintelligen.com\/es\/","name":"Genus IntelliGen Technologies","description":"Welcome to the Future of Animal Biotechnology","potentialAction":[{"@type":"SearchAction","target":{"@type":"EntryPoint","urlTemplate":"https:\/\/www.genusintelligen.com\/es\/?s={search_term_string}"},"query-input":{"@type":"PropertyValueSpecification","valueRequired":true,"valueName":"search_term_string"}}],"inLanguage":"es"}]}},"jetpack_sharing_enabled":true,"jetpack_shortlink":"https:\/\/wp.me\/Pbh8Sv-8F","_links":{"self":[{"href":"https:\/\/www.genusintelligen.com\/es\/wp-json\/wp\/v2\/pages\/537"}],"collection":[{"href":"https:\/\/www.genusintelligen.com\/es\/wp-json\/wp\/v2\/pages"}],"about":[{"href":"https:\/\/www.genusintelligen.com\/es\/wp-json\/wp\/v2\/types\/page"}],"author":[{"embeddable":true,"href":"https:\/\/www.genusintelligen.com\/es\/wp-json\/wp\/v2\/users\/503"}],"replies":[{"embeddable":true,"href":"https:\/\/www.genusintelligen.com\/es\/wp-json\/wp\/v2\/comments?post=537"}],"version-history":[{"count":30,"href":"https:\/\/www.genusintelligen.com\/es\/wp-json\/wp\/v2\/pages\/537\/revisions"}],"predecessor-version":[{"id":945,"href":"https:\/\/www.genusintelligen.com\/es\/wp-json\/wp\/v2\/pages\/537\/revisions\/945"}],"wp:attachment":[{"href":"https:\/\/www.genusintelligen.com\/es\/wp-json\/wp\/v2\/media?parent=537"}],"curies":[{"name":"wp","href":"https:\/\/api.w.org\/{rel}","templated":true}]}}