{"id":425,"date":"2018-07-16T19:27:34","date_gmt":"2018-07-16T19:27:34","guid":{"rendered":"http:\/\/www.www.genusintelligen.com\/\/?page_id=425"},"modified":"2019-08-01T13:16:08","modified_gmt":"2019-08-01T12:16:08","slug":"jobs","status":"publish","type":"page","link":"https:\/\/www.genusintelligen.com\/es\/jobs\/","title":{"rendered":"TRABAJOS"},"content":{"rendered":"\n\t\t\t<h1> Carrera profesional en IntelliGen<sup>\u00ae<\/sup> Technologies<\/h1>\t\t\t\n\t\t\t\t<p>Si est\u00e1 interesado en trabajar para una de las empresas de biotecnolog\u00eda m\u00e1s innovadoras del mundo, solicite hoy uno de nuestros puestos vacantes.<\/p>\n\t\t\t\t\t\t\t<p>&#8220;Trabajar en IntelliGen ha sido la mejor decisi\u00f3n de vida y carrera que he tomado&#8221;.<\/p>\n\t\t\t\t\t\t\t\tAndy\t\t\t\t\t\t\t\t\n\t\t\t\t\t\t\t\t\tGerente Global de Servicios de Manufactura\t\t\t\t\t\t\t\t\n\t\t\t\t\t\t\t<p>&#8220;Nuestro equipo tiene acceso a las herramientas y recursos que les permiten investigar y desarrollar soluciones de vanguardia&#8221;.<\/p>\t\t\t\t\t\t\n\t\t\t\t\t\t\t\tMatt\t\t\t\t\t\t\t\t\n\t\t\t\t\t\t\t\t\tDirector Global de Ingenier\u00eda de Biosistemas\t\t\t\t\t\t\t\t\n\t\t\t\t\t\t\t<p>\u201cSomos lo suficientemente grandes como para tener alcance global, un equipo global con los recursos que necesitamos. Somos lo suficientemente peque\u00f1os como para que las decisiones que tomamos tengan un impacto global inmediato. Podemos ser \u00e1giles, tomar decisiones e implementar r\u00e1pidamente \u201d.<\/p>\t\t\t\t\t\t\n\t\t\t\t\t\t\t\tKirit\t\t\t\t\t\t\t\t\n\t\t\t\t\t\t\t\t\tJefe Global de Operaciones\t\t\t\t\t\t\t\t\n\t","protected":false},"excerpt":{"rendered":"<p>Carrera profesional en IntelliGen\u00ae Technologies Si est\u00e1 interesado en trabajar para una de las empresas de biotecnolog\u00eda m\u00e1s innovadoras del mundo, solicite hoy uno de nuestros puestos vacantes. &#8220;Trabajar en IntelliGen ha sido la mejor decisi\u00f3n de vida y carrera que he tomado&#8221;. Andy Gerente Global de Servicios de Manufactura &#8220;Nuestro equipo tiene acceso a&hellip;<\/p>\n","protected":false},"author":7,"featured_media":0,"parent":0,"menu_order":0,"comment_status":"closed","ping_status":"closed","template":"","meta":{"_acf_changed":false,"jetpack_post_was_ever_published":false,"footnotes":""},"class_list":["post-425","page","type-page","status-publish","hentry"],"acf":[],"yoast_head":"<!-- This site is optimized with the Yoast SEO Premium plugin v23.7 (Yoast SEO v23.7) - https:\/\/yoast.com\/wordpress\/plugins\/seo\/ -->\n<title>TRABAJOS - Intelligen SPAIN<\/title>\n<meta name=\"robots\" content=\"index, follow, max-snippet:-1, max-image-preview:large, max-video-preview:-1\" \/>\n<link rel=\"canonical\" href=\"https:\/\/www.genusintelligen.com\/es\/jobs\/\" \/>\n<meta property=\"og:locale\" content=\"es_ES\" \/>\n<meta property=\"og:type\" content=\"article\" \/>\n<meta property=\"og:title\" content=\"TRABAJOS\" \/>\n<meta property=\"og:description\" content=\"Carrera profesional en IntelliGen\u00ae Technologies Si est\u00e1 interesado en trabajar para una de las empresas de biotecnolog\u00eda m\u00e1s innovadoras del mundo, solicite hoy uno de nuestros puestos vacantes. &#8220;Trabajar en IntelliGen ha sido la mejor decisi\u00f3n de vida y carrera que he tomado&#8221;. Andy Gerente Global de Servicios de Manufactura &#8220;Nuestro equipo tiene acceso a&hellip;\" \/>\n<meta property=\"og:url\" content=\"https:\/\/www.genusintelligen.com\/es\/jobs\/\" \/>\n<meta property=\"og:site_name\" content=\"Intelligen SPAIN\" \/>\n<meta property=\"article:publisher\" content=\"https:\/\/www.facebook.com\/absglobal\/\" \/>\n<meta property=\"article:modified_time\" content=\"2019-08-01T12:16:08+00:00\" \/>\n<meta name=\"twitter:card\" content=\"summary_large_image\" \/>\n<meta name=\"twitter:site\" content=\"@ABS_Global_Inc\" \/>\n<meta name=\"twitter:label1\" content=\"Est. reading time\" \/>\n\t<meta name=\"twitter:data1\" content=\"1 minuto\" \/>\n<script type=\"application\/ld+json\" class=\"yoast-schema-graph\">{\"@context\":\"https:\/\/schema.org\",\"@graph\":[{\"@type\":\"WebPage\",\"@id\":\"https:\/\/www.genusintelligen.com\/es\/jobs\/\",\"url\":\"https:\/\/www.genusintelligen.com\/es\/jobs\/\",\"name\":\"TRABAJOS - Intelligen SPAIN\",\"isPartOf\":{\"@id\":\"https:\/\/www.genusintelligen.com\/es\/#website\"},\"datePublished\":\"2018-07-16T19:27:34+00:00\",\"dateModified\":\"2019-08-01T12:16:08+00:00\",\"breadcrumb\":{\"@id\":\"https:\/\/www.genusintelligen.com\/es\/jobs\/#breadcrumb\"},\"inLanguage\":\"es\",\"potentialAction\":[{\"@type\":\"ReadAction\",\"target\":[\"https:\/\/www.genusintelligen.com\/es\/jobs\/\"]}]},{\"@type\":\"BreadcrumbList\",\"@id\":\"https:\/\/www.genusintelligen.com\/es\/jobs\/#breadcrumb\",\"itemListElement\":[{\"@type\":\"ListItem\",\"position\":1,\"name\":\"Home\",\"item\":\"https:\/\/www.genusintelligen.com\/es\/\"},{\"@type\":\"ListItem\",\"position\":2,\"name\":\"TRABAJOS\"}]},{\"@type\":\"WebSite\",\"@id\":\"https:\/\/www.genusintelligen.com\/es\/#website\",\"url\":\"https:\/\/www.genusintelligen.com\/es\/\",\"name\":\"Genus IntelliGen Technologies\",\"description\":\"Welcome to the Future of Animal Biotechnology\",\"potentialAction\":[{\"@type\":\"SearchAction\",\"target\":{\"@type\":\"EntryPoint\",\"urlTemplate\":\"https:\/\/www.genusintelligen.com\/es\/?s={search_term_string}\"},\"query-input\":{\"@type\":\"PropertyValueSpecification\",\"valueRequired\":true,\"valueName\":\"search_term_string\"}}],\"inLanguage\":\"es\"}]}<\/script>\n<!-- \/ Yoast SEO Premium plugin. -->","yoast_head_json":{"title":"TRABAJOS - Intelligen SPAIN","robots":{"index":"index","follow":"follow","max-snippet":"max-snippet:-1","max-image-preview":"max-image-preview:large","max-video-preview":"max-video-preview:-1"},"canonical":"https:\/\/www.genusintelligen.com\/es\/jobs\/","og_locale":"es_ES","og_type":"article","og_title":"TRABAJOS","og_description":"Carrera profesional en IntelliGen\u00ae Technologies Si est\u00e1 interesado en trabajar para una de las empresas de biotecnolog\u00eda m\u00e1s innovadoras del mundo, solicite hoy uno de nuestros puestos vacantes. &#8220;Trabajar en IntelliGen ha sido la mejor decisi\u00f3n de vida y carrera que he tomado&#8221;. Andy Gerente Global de Servicios de Manufactura &#8220;Nuestro equipo tiene acceso a&hellip;","og_url":"https:\/\/www.genusintelligen.com\/es\/jobs\/","og_site_name":"Intelligen SPAIN","article_publisher":"https:\/\/www.facebook.com\/absglobal\/","article_modified_time":"2019-08-01T12:16:08+00:00","twitter_card":"summary_large_image","twitter_site":"@ABS_Global_Inc","twitter_misc":{"Est. reading time":"1 minuto"},"schema":{"@context":"https:\/\/schema.org","@graph":[{"@type":"WebPage","@id":"https:\/\/www.genusintelligen.com\/es\/jobs\/","url":"https:\/\/www.genusintelligen.com\/es\/jobs\/","name":"TRABAJOS - Intelligen SPAIN","isPartOf":{"@id":"https:\/\/www.genusintelligen.com\/es\/#website"},"datePublished":"2018-07-16T19:27:34+00:00","dateModified":"2019-08-01T12:16:08+00:00","breadcrumb":{"@id":"https:\/\/www.genusintelligen.com\/es\/jobs\/#breadcrumb"},"inLanguage":"es","potentialAction":[{"@type":"ReadAction","target":["https:\/\/www.genusintelligen.com\/es\/jobs\/"]}]},{"@type":"BreadcrumbList","@id":"https:\/\/www.genusintelligen.com\/es\/jobs\/#breadcrumb","itemListElement":[{"@type":"ListItem","position":1,"name":"Home","item":"https:\/\/www.genusintelligen.com\/es\/"},{"@type":"ListItem","position":2,"name":"TRABAJOS"}]},{"@type":"WebSite","@id":"https:\/\/www.genusintelligen.com\/es\/#website","url":"https:\/\/www.genusintelligen.com\/es\/","name":"Genus IntelliGen Technologies","description":"Welcome to the Future of Animal Biotechnology","potentialAction":[{"@type":"SearchAction","target":{"@type":"EntryPoint","urlTemplate":"https:\/\/www.genusintelligen.com\/es\/?s={search_term_string}"},"query-input":{"@type":"PropertyValueSpecification","valueRequired":true,"valueName":"search_term_string"}}],"inLanguage":"es"}]}},"jetpack_sharing_enabled":true,"jetpack_shortlink":"https:\/\/wp.me\/Pbh8Sv-6R","_links":{"self":[{"href":"https:\/\/www.genusintelligen.com\/es\/wp-json\/wp\/v2\/pages\/425"}],"collection":[{"href":"https:\/\/www.genusintelligen.com\/es\/wp-json\/wp\/v2\/pages"}],"about":[{"href":"https:\/\/www.genusintelligen.com\/es\/wp-json\/wp\/v2\/types\/page"}],"author":[{"embeddable":true,"href":"https:\/\/www.genusintelligen.com\/es\/wp-json\/wp\/v2\/users\/7"}],"replies":[{"embeddable":true,"href":"https:\/\/www.genusintelligen.com\/es\/wp-json\/wp\/v2\/comments?post=425"}],"version-history":[{"count":37,"href":"https:\/\/www.genusintelligen.com\/es\/wp-json\/wp\/v2\/pages\/425\/revisions"}],"predecessor-version":[{"id":954,"href":"https:\/\/www.genusintelligen.com\/es\/wp-json\/wp\/v2\/pages\/425\/revisions\/954"}],"wp:attachment":[{"href":"https:\/\/www.genusintelligen.com\/es\/wp-json\/wp\/v2\/media?parent=425"}],"curies":[{"name":"wp","href":"https:\/\/api.w.org\/{rel}","templated":true}]}}