{"id":259,"date":"2017-08-03T16:42:59","date_gmt":"2017-08-03T16:42:59","guid":{"rendered":"http:\/\/www.www.genusintelligen.com\/\/?page_id=259"},"modified":"2019-09-10T16:12:53","modified_gmt":"2019-09-10T15:12:53","slug":"genus-intelligen-technologies","status":"publish","type":"page","link":"https:\/\/www.genusintelligen.com\/es\/","title":{"rendered":"Genus IntelliGen Technologies"},"content":{"rendered":"\n\t\t\t<h1>BIENVENIDO AL FUTURO DE LA BIOTECNOLOG\u00cdA ANIMAL<\/h1>\t\t\t\n\t\t\t\t<p>Como l\u00edder mundial en la aplicaci\u00f3n de la ciencia a la cr\u00eda de animales, Genus plc cre\u00f3 la plataforma tecnol\u00f3gica IntelliGen<sup>\u00ae<\/sup> Technologies. Hacemos posible que los clientes logren sus objetivos gen\u00e9ticos \u00fanicos para sus animales a trav\u00e9s de la tecnolog\u00eda.<\/p>\n\t\t\t<h2>NUESTRA MISI\u00d3N<\/h2>\n\t\t\t\t\t\t\t<p>Ofrecemos opciones a nivel mundial.<br \/>Hacemos posible que nuestros clientes alcancen sus objetivos \u00fanicos.<\/p>\t\t\t\t\t\t\n\t\t\t\t\t\t\t<p>Aportamos el mejor personal, tecnolog\u00eda e innovaci\u00f3n para a\u00f1adir valor a los productos gen\u00e9ticos.<\/p>\t\t\t\t\t\t\n\t\t\t\t<img decoding=\"async\" src=\"https:\/\/www.genusintelligen.com\/es\/wp-content\/uploads\/sites\/23\/2019\/07\/logo-intelligen-technologies-tm.png\" alt=\"\" itemprop=\"image\"\/>\n\t\t<h3>NUESTRA TECNOLOG\u00cdA<\/h3><p>Es lo que ha estado esperando<\/p>\n<p>La tecnolog\u00eda IntelliGen es la \u00fanica tecnolog\u00eda de sexado de semen con ablaci\u00f3n l\u00e1ser disponible en cualquier mercado del mundo. Mediante los \u00faltimos avances en l\u00e1seres y fluidos, la tecnolog\u00eda IntelliGen ofrece gen\u00e9tica bovina sexada con la fertilidad y eficiencia que el mercado necesita hoy en d\u00eda.\u00a0<\/p>\n<p><strong>Beneficios de la gen\u00e9tica bovina sexada:<\/strong><\/p>\n<ul>\n<li>La capacidad de hacer crecer un hato desde dentro al producir vaquillas de reemplazo de las mejores hembras reduce los riesgos de bioseguridad y elimina la incertidumbre de adquirirlas de una fuente externa.<\/li>\n<li>La investigaci\u00f3n muestra que las vacas que dan a luz a una cr\u00eda hembra tanto en el primer parto como en el segundo, producen aproximadamente 981 libras (445 kg) m\u00e1s de leche durante sus dos primeras lactancias<a href=\"file:\/\/\/Users\/macbook\/Downloads\/Genus%20IntelliGen%20Technologies_ES.HTM#_ftn1\" name=\"_ftnref1\">[1]<\/a>.<\/li>\n<\/ul>\n<ul>\n<li>Las becerras pueden conducir a una reducci\u00f3n importante en el riesgo de partos dif\u00edciles.<\/li>\n<li>Aumento r\u00e1pido en el progreso gen\u00e9tico al emparejar a las mejores hembras gen\u00e9ticas con la gen\u00e9tica sexada de IntelliGen.<\/li>\n<\/ul>\n<p><em><a href=\"https:\/\/www.cdn.ca\/document.php?id=348\" name=\"_ftn1\">[1] CDN &#8211; Producci\u00f3n de leche con sesgo sexual &#8211; Marzo de 2014<\/a><\/em><\/p>\n\t<iframe loading=\"lazy\" width=\"560\" height=\"315\" src=\"https:\/\/www.youtube-nocookie.com\/embed\/YCPx1hY5spE\" frameborder=\"0\" allow=\"autoplay; encrypted-media\" allowfullscreen><\/iframe>\n\t\t\t<h3>El equipo de IntelliGen Technologies incorpora biolog\u00eda con ingenier\u00eda y biofabricaci\u00f3n de clase mundial. Reunir a estos especialistas ha hecho un equipo extraordinario y una tecnolog\u00eda excepcional.<\/h3>\t\t\t\n\t\t\t\t<p><strong>Nuestra nueva tecnolog\u00eda innovadora tiene:<\/strong><\/p>\n\t\t\t\t<p>Rendimiento de campo demostrado<\/p>\n\t\t\t\t<p>Acceso flexible a la tecnolog\u00eda<\/p>\n\t\t\t\t<p>Servicio y soporte global<\/p>\n\t\t\t\t<p>Investigaci\u00f3n y desarrollo avanzados<\/p>\n\t\t\t\t<img decoding=\"async\" src=\"https:\/\/www.genusintelligen.com\/es\/wp-content\/uploads\/sites\/23\/2019\/07\/logo-powered-by-intelligen-white.png\" alt=\"\" itemprop=\"image\"\/>\n\t\t<h3>Busque el s\u00edmbolo de calidad en el mercado de la gen\u00e9tica &#8211; Impulsado por IntelliGen<sup>\u00ae<\/sup> Technologies.<\/h3>\t\t\t\n\t\t\t\t<img decoding=\"async\" src=\"https:\/\/www.genusintelligen.com\/es\/wp-content\/uploads\/sites\/23\/2019\/07\/sexcel-logo-croped-1.png\" alt=\"\" itemprop=\"image\"\/>\n\t\t\t\t\t\t\t\t<h3 class='uabb-testimonial-author-name testimonial-author-name'>Nate Zwald, Director Operativo de ABS Leche<\/h3>\t\t\t\t\t\t\t\t\n\t\t\t\t\t\t\t\t\tGen\u00e9tica sexada Sexcel\t\t\t\t\t\t\t\t\n\t\t\t\t\t\t\t<a id=\"yui_3_5_1_1_1564505229653_28888\" href=\"http:\/\/www.abssexcel.com\/\" target=\"_blank\" rel=\"noopener noreferrer\">Es un gran orgullo y satisfacci\u00f3n para nuestro equipo el ofrecer una nueva tecnolog\u00eda a nuestros clientes. Nuestros clientes han respondido con mucho entusiasmo a Sexcel.<\/a><a id=\"yui_3_5_1_1_1564505229653_28821\" href=\"http:\/\/www.abssexcel.com\/\" target=\"_blank\" rel=\"noopener noreferrer\">Visite Sexcel de ABS<\/a>\t\t\t\t\t\t\n\t\t\t\t<img decoding=\"async\" src=\"https:\/\/www.genusintelligen.com\/es\/wp-content\/uploads\/sites\/23\/2019\/07\/norwegianreg-logo.png\" alt=\"\" itemprop=\"image\"\/>\n\t\t\t\t\t\t\t\t<h3 class='uabb-testimonial-author-name testimonial-author-name'>Lars Kristian Bredahl, Director Operativo Internacional de Geno <\/h3>\t\t\t\t\t\t\t\t\n\t\t\t\t\t\t\t\t\tSemen sexado de Rojo Noruego\t\t\t\t\t\t\t\t\n\t\t\t\t\t\t\t<a id=\"yui_3_5_1_1_1564512004296_2763\" href=\"https:\/\/www.norwegianred.com\/GenoGlobal\/Newsarchive\/sexing-technology\/\">Como organizaci\u00f3n, nos entusiasma en gran medida la oportunidad de ofrecer esta plataforma tecnol\u00f3gica a nuestros miembros productores. Proporcionar una oferta de gen\u00e9tica sexada que se diferencia de las dem\u00e1s, permite a nuestros productores de Rojo Noruego hacer crecer su gen\u00e9tica como nunca antes.<\/a><p><a href=\"https:\/\/www.norwegianred.com\/GenoGlobal\/Newsarchive\/sexing-technology\/\" target=\"_blank\" rel=\"noopener noreferrer\">Visite Geno<\/a><\/p>\t\t\t\t\t\t\n\t\t\t<iframe loading=\"lazy\" width=\"560\" height=\"315\" src=\"https:\/\/www.youtube-nocookie.com\/embed\/rRl-HwjjziI\" frameborder=\"0\" allow=\"autoplay; encrypted-media\" allowfullscreen><\/iframe>\t\t\t\n\t\t\t\t<iframe loading=\"lazy\" width=\"560\" height=\"315\" src=\"https:\/\/www.youtube-nocookie.com\/embed\/rRl-HwjjziI\" frameborder=\"0\" allow=\"autoplay; encrypted-media\" allowfullscreen><\/iframe>\t\t\t\n\t\t\t\t<img decoding=\"async\" src=\"https:\/\/www.genusintelligen.com\/es\/wp-content\/uploads\/sites\/23\/2019\/07\/logo-intelligen-technologies-tm.png\" alt=\"\" itemprop=\"image\"\/>\n\t\t<h3>\u00bfPOR QU\u00c9 UNIRSE AL EQUIPO DE INTELLIGEN\u00ae TECHNOLOGIES?<\/h3><p>Mejore su carrera profesional de biotecnolog\u00eda en IntelliGen\u00ae Technologies.<\/p>\n\t\t\t\t\t\t<h4>Lo que logre ayudar\u00e1 a alimentar al mundo.<\/h4>\n\t\t\t<p>A medida que la poblaci\u00f3n mundial crece, la demanda de prote\u00ednas animales aumenta. Debido a esto, los productores necesitan obtener m\u00e1s de sus hatos, de manera m\u00e1s efectiva y eficiente que nunca. Estamos ayudando a los productores lecheros a satisfacer esta necesidad mediante el desarrollo y el suministro de tecnolog\u00eda que produce m\u00e1s hembras lecheras que produzcan leche para nutrir al mundo.<\/p>\n\t\t\t\t\t\t<h4>Se unir\u00e1 a los mejores y m\u00e1s destacados expertos en sus \u00e1reas<\/h4>\n\t\t\t<p>Nuestro equipo aplica m\u00e9todos basados en ingenier\u00eda e ingenier\u00eda de procesos para implementar esta experiencia en la fisiolog\u00eda animal. Esto no solo es \u00fanico, sino que tambi\u00e9n re\u00fane a personas que tienen la experiencia para colaborar en diferentes especializaciones para formar un equipo excepcional en cualquier industria.<\/p>\n\t\t\t\t\t\t<h4>Ser\u00e1 parte del ADN en un equipo l\u00edder mundial<\/h4>\n\t\t\t<p>Tenemos una presencia verdaderamente global con un equipo que abarca cuatro continentes y tiene diversos or\u00edgenes. La colaboraci\u00f3n entre colegas de diferentes pa\u00edses y con diferentes papeles es la manera en que trabajamos todos los d\u00edas. Al unirse a IntelliGen Technologies, usted se convierte en parte de esta organizaci\u00f3n global de colaboraci\u00f3n.<\/p>\n\t\t\t\t\t\t<h4>Podr\u00e1 ser pionero en su trayectoria profesional<\/h4>\n\t\t\t<p>El desarrollo profesional, el aprendizaje y el crecimiento, el talento y la gesti\u00f3n del rendimiento son compromisos clave para todos los empleados. Podr\u00e1 contar con estos fundamentos a lo largo de su carrera.<\/p>\n\t\t\t\t\t\t<h4>Puede heredar nuestra pasi\u00f3n por esforzarnos m\u00e1s cada d\u00eda<\/h4>\n\t\t\t<p>Trabajar\u00e1 junto con colegas entusiastas que se dedican a actuar de forma responsable, que colaboran de manera efectiva y hacen una diferencia en el mundo al mismo tiempo que mejoran la eficiencia y los procesos.<\/p>\n\t\t\t<a href=\"https:\/\/www.genusintelligen.com\/es\/jobs\/\" target=\"_self\" role=\"button\" rel=\"noopener noreferrer\">\n\t\t\t\t\t\t\tVer vacantes\n\t\t<\/a>\n\t\t\t<h2>El equipo de IntelliGen\u00ae Technologies<\/h2><p>No existe una tecnolog\u00eda extraordinaria sin personas extraordinarias. Adquirimos, desarrollamos y fomentamos grandes talentos en IntelliGen Technologies.<\/p>\t\t\t\n<ul>\n<li>Nuestro equipo proviene de diversos or\u00edgenes y experiencias. Estos especialistas conforman un equipo \u00fanico y excepcional de biotecnolog\u00eda.<\/li>\n<li>IntelliGen Technologies es una unidad de Genus plc. Genus es pionero en la industria a trav\u00e9s de su gente.\u00a0<\/li>\n<li>Nuestro equipo trabaja en conjunto con la investigaci\u00f3n y desarrollo de Genus para compartir conocimientos y desarrollar los productos que los clientes globales necesitan.<\/li>\n<li>IntelliGen Technologies adopta la visi\u00f3n de Genus \u201cPioneros en la mejora gen\u00e9tica animal para ayudar a nutrir al mundo\u201d y los valores de Genus: centrados en el cliente, orientados a los resultados, pioneros, enfocados en la gente y responsables.<\/li>\n<\/ul>\n\t<iframe loading=\"lazy\" width=\"560\" height=\"315\" src=\"https:\/\/www.youtube-nocookie.com\/embed\/cxNXFqbtSyY\" frameborder=\"0\" allow=\"accelerometer; autoplay; encrypted-media; gyroscope; picture-in-picture\" allowfullscreen><\/iframe>\n<p>Nos dedicamos a una visi\u00f3n com\u00fan: proporcionar a la industria gen\u00e9tica la innovaci\u00f3n, la diferenciaci\u00f3n y las soluciones flexibles para que nuestros clientes puedan alcanzar sus objetivos \u00fanicos.<\/p>\n<p><strong>Comience su carrera profesional en biotecnolog\u00eda en IntelliGen.<\/strong><\/p>\n\t\t\t<a href=\"https:\/\/www.genusintelligen.com\/es\/jobs\/\" target=\"_self\" role=\"button\" rel=\"noopener noreferrer\">\n\t\t\t\t\t\t\tVer vacantes\n\t\t<\/a>\n\t\t\t\t<img decoding=\"async\" src=\"https:\/\/www.genusintelligen.com\/es\/wp-content\/uploads\/sites\/23\/2019\/07\/logo-intelligen-technologies-tm.png\" alt=\"\" itemprop=\"image\"\/>\n\t\t<h3>ACERCA DE NOSOTROS<\/h3><p>Hacemos posible que nuestros clientes alcancen hoy sus objetivos \u00fanicos<\/p>\n<p>IntelliGen Technologies adopta la visi\u00f3n de <a href=\"https:\/\/www.genusplc.com\/\" target=\"_blank\" rel=\"noopener noreferrer\">Genus plc<\/a> \u201cPioneros en la mejora gen\u00e9tica animal para ayudar a nutrir al mundo\u201d y las estrategias de Genus: centrados en el cliente, orientados a los resultados, pioneros, enfocados en la gente y responsables.<\/p>\n<p><strong><em>Pase el cursor por encima para saber m\u00e1s<\/em><\/strong><\/p>\n\t\t\t\t\t\t<p><img decoding=\"async\" src=\"https:\/\/www.genusintelligen.com\/es\/wp-content\/uploads\/sites\/23\/2019\/07\/customer-service-rectangle.png\" \/><\/p>\n\t\t\t<!-- END .front -->\n\t\t\t\t\t\t<p>Nuestro \u00e9xito se mide por la satisfacci\u00f3n del cliente, ya sea la industria gen\u00e9tica o sus clientes, los productores lecheros y de carne de todo el mundo. Nuestra tecnolog\u00eda funciona en el campo y todo lo que hacemos se centra en la experiencia del cliente.<\/p>\t\t\t\t\t\n\t\t\t<!-- END .back -->\n\t\t <!-- ifb-flip-box -->\n\t <!-- flip-box -->\n\t\t\t\t\t\t<p><img decoding=\"async\" src=\"https:\/\/www.genusintelligen.com\/es\/wp-content\/uploads\/sites\/23\/2019\/07\/tech-quality-update-p-1.png\" \/><\/p>\t\t\t\t\t\n\t\t\t<!-- END .front -->\n\t\t\t\t\t\t<p>Nuestros pilares del \u00e9xito aseguran la mejor experiencia al cliente. Tenemos un sistema de fabricaci\u00f3n y proceso de clase mundial. Esto se complementa con nuestros requisitos de calidad firmes, vivimos de acuerdo con nuestras palabras y est\u00e1ndares para garantizar la m\u00e1s alta calidad en el mercado. No somos conformistas; seguir mejorando los procesos y la eficiencia es parte de lo que hacemos.<\/p>\t\t\t\t\t\n\t\t\t<!-- END .back -->\n\t\t <!-- ifb-flip-box -->\n\t <!-- flip-box -->\n\t\t\t\t\t\t<p><img decoding=\"async\" src=\"https:\/\/www.genusintelligen.com\/es\/wp-content\/uploads\/sites\/23\/2019\/07\/people-p-1.png\" \/><\/p>\t\t\t\t\t\n\t\t\t<!-- END .front -->\n\t\t\t\t\t\t<p>No existe una tecnolog\u00eda extraordinaria sin personas extraordinarias. Adquirimos, desarrollamos y fomentamos grandes talentos para construir una base s\u00f3lida en IntelliGen Technologies.<\/p>\t\t\t\t\t\n\t\t\t<!-- END .back -->\n\t\t <!-- ifb-flip-box -->\n\t <!-- flip-box -->\n\t\t\t\t<img decoding=\"async\" src=\"https:\/\/www.genusintelligen.com\/es\/wp-content\/uploads\/sites\/23\/2019\/07\/logo-intelligen-technologies-tm.png\" alt=\"\" itemprop=\"image\"\/>\n\t\t<h3>ACERCA DE NOSOTROS<\/h3><p>Hacemos posible que nuestros clientes alcancen hoy sus objetivos \u00fanicos<\/p>\n<p>IntelliGen Technologies adopta la visi\u00f3n de <a href=\"https:\/\/www.genusplc.com\/\" target=\"_blank\" rel=\"noopener noreferrer\">Genus plc<\/a> \u201cPioneros en la mejora gen\u00e9tica animal para ayudar a nutrir al mundo\u201d y las estrategias de Genus: centrados en el cliente, orientados a los resultados, pioneros, enfocados en la gente y responsables.<\/p>\n<p><strong><em>Pase el cursor por encima para saber m\u00e1s<\/em><\/strong><\/p>\n<p><img decoding=\"async\" src=\"https:\/\/www.genusintelligen.com\/wp-content\/uploads\/sites\/4\/abvout-us-blueprint-rectangle.png\" \/><\/p>\n\t<em>IntelliGen Technologies opera a trav\u00e9s de ABS Global, Inc., una subsidiaria de Genus Plc<br \/>\n<\/em>\n\t\t\t<h3>Our values align with Genus values:<\/h3>\t\t\t\n\t\t\t\t<img decoding=\"async\" src=\"https:\/\/www.genusintelligen.com\/wp-content\/uploads\/sites\/4\/Asset-1.svg\" alt=\"customer centric\" itemprop=\"image\" height=\"\" width=\"\" title=\"customer-centric\"  \/>\n\t\t\t\t<p>CUSTOMER CENTRIC<\/p>\n\t\t\t\t<img decoding=\"async\" src=\"https:\/\/www.genusintelligen.com\/wp-content\/uploads\/sites\/4\/Asset-2.svg\" alt=\"RESULTS DRIVEN\" itemprop=\"image\" height=\"\" width=\"\" title=\"RESULTS DRIVEN\"  \/>\n\t\t\t\t<p>RESULTS DRIVEN<\/p>\n\t\t\t\t<img decoding=\"async\" src=\"https:\/\/www.genusintelligen.com\/wp-content\/uploads\/sites\/4\/Asset-3.svg\" alt=\"Pioneering\" itemprop=\"image\" height=\"\" width=\"\" title=\"Pioneering\"  \/>\n\t\t\t\t<p>PIONEERING<\/p>\n\t\t\t\t<img decoding=\"async\" src=\"https:\/\/www.genusintelligen.com\/wp-content\/uploads\/sites\/4\/Asset-4.svg\" alt=\"PEOPLE-FOCUSED\" itemprop=\"image\" height=\"\" width=\"\" title=\"PEOPLE-FOCUSED\"  \/>\n\t\t\t\t<p>PEOPLE-FOCUSED<\/p>\n\t\t\t\t<img decoding=\"async\" src=\"https:\/\/www.genusintelligen.com\/wp-content\/uploads\/sites\/4\/Asset-5.svg\" alt=\"RESPONSIBLE\" itemprop=\"image\" height=\"\" width=\"\" title=\"RESPONSIBLE\"  \/>\n\t\t\t\t<p>RESPONSIBLE<\/p>\n\t\t\t<h2>\u00bfLe interesa nuestra tecnolog\u00eda?<\/h2>\t\t\t\n\t\t\t<a href=\"https:\/\/www.genusintelligen.com\/es\/contact-us\/\" target=\"_self\" role=\"button\" rel=\"noopener noreferrer\">\n\t\t\t\t\t\t\t<strong>Contacto<\/strong>\n\t\t<\/a>\n","protected":false},"excerpt":{"rendered":"<p>BIENVENIDO AL FUTURO DE LA BIOTECNOLOG\u00cdA ANIMAL Como l\u00edder mundial en la aplicaci\u00f3n de la ciencia a la cr\u00eda de animales, Genus plc cre\u00f3 la plataforma tecnol\u00f3gica IntelliGen\u00ae Technologies. Hacemos posible que los clientes logren sus objetivos gen\u00e9ticos \u00fanicos para sus animales a trav\u00e9s de la tecnolog\u00eda. NUESTRA MISI\u00d3N Ofrecemos opciones a nivel mundial.Hacemos posible&hellip;<\/p>\n","protected":false},"author":3,"featured_media":0,"parent":0,"menu_order":0,"comment_status":"closed","ping_status":"closed","template":"","meta":{"_acf_changed":false,"jetpack_post_was_ever_published":false,"footnotes":""},"class_list":["post-259","page","type-page","status-publish","hentry"],"acf":[],"yoast_head":"<!-- This site is optimized with the Yoast SEO Premium plugin v23.7 (Yoast SEO v23.7) - https:\/\/yoast.com\/wordpress\/plugins\/seo\/ -->\n<title>Genus IntelliGen Technologies<\/title>\n<meta name=\"description\" content=\"As a world leader in applying science to animal breeding, Genus plc created the technology platform IntelliGen\u00ae Technologies. We enable customers to achieve their unique animal genetic objectives through technology.\" \/>\n<meta name=\"robots\" content=\"index, follow, max-snippet:-1, max-image-preview:large, max-video-preview:-1\" \/>\n<link rel=\"canonical\" href=\"https:\/\/www.genusintelligen.com\/es\/\" \/>\n<meta property=\"og:locale\" content=\"es_ES\" \/>\n<meta property=\"og:type\" content=\"article\" \/>\n<meta property=\"og:title\" content=\"Genus IntelliGen Technologies\" \/>\n<meta property=\"og:description\" content=\"As a world leader in applying science to animal breeding, Genus plc created the technology platform IntelliGen\u00ae Technologies. We enable customers to achieve their unique animal genetic objectives through technology.\" \/>\n<meta property=\"og:url\" content=\"https:\/\/www.genusintelligen.com\/es\/\" \/>\n<meta property=\"og:site_name\" content=\"Intelligen SPAIN\" \/>\n<meta property=\"article:publisher\" content=\"https:\/\/www.facebook.com\/absglobal\/\" \/>\n<meta property=\"article:modified_time\" content=\"2019-09-10T15:12:53+00:00\" \/>\n<meta property=\"og:image\" content=\"https:\/\/www.genusintelligen.com\/es\/wp-content\/uploads\/sites\/23\/2019\/07\/logo-intelligen-technologies-tm.png\" \/>\n<meta name=\"twitter:card\" content=\"summary_large_image\" \/>\n<meta name=\"twitter:site\" content=\"@ABS_Global_Inc\" \/>\n<meta name=\"twitter:label1\" content=\"Est. reading time\" \/>\n\t<meta name=\"twitter:data1\" content=\"6 minutos\" \/>\n<script type=\"application\/ld+json\" class=\"yoast-schema-graph\">{\"@context\":\"https:\/\/schema.org\",\"@graph\":[{\"@type\":\"WebPage\",\"@id\":\"https:\/\/www.genusintelligen.com\/es\/\",\"url\":\"https:\/\/www.genusintelligen.com\/es\/\",\"name\":\"Genus IntelliGen Technologies\",\"isPartOf\":{\"@id\":\"https:\/\/www.genusintelligen.com\/es\/#website\"},\"primaryImageOfPage\":{\"@id\":\"https:\/\/www.genusintelligen.com\/es\/#primaryimage\"},\"image\":{\"@id\":\"https:\/\/www.genusintelligen.com\/es\/#primaryimage\"},\"thumbnailUrl\":\"https:\/\/www.genusintelligen.com\/es\/wp-content\/uploads\/sites\/23\/2019\/07\/logo-intelligen-technologies-tm.png\",\"datePublished\":\"2017-08-03T16:42:59+00:00\",\"dateModified\":\"2019-09-10T15:12:53+00:00\",\"description\":\"As a world leader in applying science to animal breeding, Genus plc created the technology platform IntelliGen\u00ae Technologies. We enable customers to achieve their unique animal genetic objectives through technology.\",\"breadcrumb\":{\"@id\":\"https:\/\/www.genusintelligen.com\/es\/#breadcrumb\"},\"inLanguage\":\"es\",\"potentialAction\":[{\"@type\":\"ReadAction\",\"target\":[\"https:\/\/www.genusintelligen.com\/es\/\"]}]},{\"@type\":\"ImageObject\",\"inLanguage\":\"es\",\"@id\":\"https:\/\/www.genusintelligen.com\/es\/#primaryimage\",\"url\":\"https:\/\/www.genusintelligen.com\/es\/wp-content\/uploads\/sites\/23\/2019\/07\/logo-intelligen-technologies-tm.png\",\"contentUrl\":\"https:\/\/www.genusintelligen.com\/es\/wp-content\/uploads\/sites\/23\/2019\/07\/logo-intelligen-technologies-tm.png\"},{\"@type\":\"BreadcrumbList\",\"@id\":\"https:\/\/www.genusintelligen.com\/es\/#breadcrumb\",\"itemListElement\":[{\"@type\":\"ListItem\",\"position\":1,\"name\":\"Home\",\"item\":\"https:\/\/www.genusintelligen.com\/es\/\"},{\"@type\":\"ListItem\",\"position\":2,\"name\":\"Genus IntelliGen Technologies\"}]},{\"@type\":\"WebSite\",\"@id\":\"https:\/\/www.genusintelligen.com\/es\/#website\",\"url\":\"https:\/\/www.genusintelligen.com\/es\/\",\"name\":\"Genus IntelliGen Technologies\",\"description\":\"Welcome to the Future of Animal Biotechnology\",\"potentialAction\":[{\"@type\":\"SearchAction\",\"target\":{\"@type\":\"EntryPoint\",\"urlTemplate\":\"https:\/\/www.genusintelligen.com\/es\/?s={search_term_string}\"},\"query-input\":{\"@type\":\"PropertyValueSpecification\",\"valueRequired\":true,\"valueName\":\"search_term_string\"}}],\"inLanguage\":\"es\"}]}<\/script>\n<!-- \/ Yoast SEO Premium plugin. -->","yoast_head_json":{"title":"Genus IntelliGen Technologies","description":"As a world leader in applying science to animal breeding, Genus plc created the technology platform IntelliGen\u00ae Technologies. We enable customers to achieve their unique animal genetic objectives through technology.","robots":{"index":"index","follow":"follow","max-snippet":"max-snippet:-1","max-image-preview":"max-image-preview:large","max-video-preview":"max-video-preview:-1"},"canonical":"https:\/\/www.genusintelligen.com\/es\/","og_locale":"es_ES","og_type":"article","og_title":"Genus IntelliGen Technologies","og_description":"As a world leader in applying science to animal breeding, Genus plc created the technology platform IntelliGen\u00ae Technologies. We enable customers to achieve their unique animal genetic objectives through technology.","og_url":"https:\/\/www.genusintelligen.com\/es\/","og_site_name":"Intelligen SPAIN","article_publisher":"https:\/\/www.facebook.com\/absglobal\/","article_modified_time":"2019-09-10T15:12:53+00:00","og_image":[{"url":"https:\/\/www.genusintelligen.com\/es\/wp-content\/uploads\/sites\/23\/2019\/07\/logo-intelligen-technologies-tm.png"}],"twitter_card":"summary_large_image","twitter_site":"@ABS_Global_Inc","twitter_misc":{"Est. reading time":"6 minutos"},"schema":{"@context":"https:\/\/schema.org","@graph":[{"@type":"WebPage","@id":"https:\/\/www.genusintelligen.com\/es\/","url":"https:\/\/www.genusintelligen.com\/es\/","name":"Genus IntelliGen Technologies","isPartOf":{"@id":"https:\/\/www.genusintelligen.com\/es\/#website"},"primaryImageOfPage":{"@id":"https:\/\/www.genusintelligen.com\/es\/#primaryimage"},"image":{"@id":"https:\/\/www.genusintelligen.com\/es\/#primaryimage"},"thumbnailUrl":"https:\/\/www.genusintelligen.com\/es\/wp-content\/uploads\/sites\/23\/2019\/07\/logo-intelligen-technologies-tm.png","datePublished":"2017-08-03T16:42:59+00:00","dateModified":"2019-09-10T15:12:53+00:00","description":"As a world leader in applying science to animal breeding, Genus plc created the technology platform IntelliGen\u00ae Technologies. We enable customers to achieve their unique animal genetic objectives through technology.","breadcrumb":{"@id":"https:\/\/www.genusintelligen.com\/es\/#breadcrumb"},"inLanguage":"es","potentialAction":[{"@type":"ReadAction","target":["https:\/\/www.genusintelligen.com\/es\/"]}]},{"@type":"ImageObject","inLanguage":"es","@id":"https:\/\/www.genusintelligen.com\/es\/#primaryimage","url":"https:\/\/www.genusintelligen.com\/es\/wp-content\/uploads\/sites\/23\/2019\/07\/logo-intelligen-technologies-tm.png","contentUrl":"https:\/\/www.genusintelligen.com\/es\/wp-content\/uploads\/sites\/23\/2019\/07\/logo-intelligen-technologies-tm.png"},{"@type":"BreadcrumbList","@id":"https:\/\/www.genusintelligen.com\/es\/#breadcrumb","itemListElement":[{"@type":"ListItem","position":1,"name":"Home","item":"https:\/\/www.genusintelligen.com\/es\/"},{"@type":"ListItem","position":2,"name":"Genus IntelliGen Technologies"}]},{"@type":"WebSite","@id":"https:\/\/www.genusintelligen.com\/es\/#website","url":"https:\/\/www.genusintelligen.com\/es\/","name":"Genus IntelliGen Technologies","description":"Welcome to the Future of Animal Biotechnology","potentialAction":[{"@type":"SearchAction","target":{"@type":"EntryPoint","urlTemplate":"https:\/\/www.genusintelligen.com\/es\/?s={search_term_string}"},"query-input":{"@type":"PropertyValueSpecification","valueRequired":true,"valueName":"search_term_string"}}],"inLanguage":"es"}]}},"jetpack_sharing_enabled":true,"jetpack_shortlink":"https:\/\/wp.me\/Pbh8Sv-4b","_links":{"self":[{"href":"https:\/\/www.genusintelligen.com\/es\/wp-json\/wp\/v2\/pages\/259"}],"collection":[{"href":"https:\/\/www.genusintelligen.com\/es\/wp-json\/wp\/v2\/pages"}],"about":[{"href":"https:\/\/www.genusintelligen.com\/es\/wp-json\/wp\/v2\/types\/page"}],"author":[{"embeddable":true,"href":"https:\/\/www.genusintelligen.com\/es\/wp-json\/wp\/v2\/users\/3"}],"replies":[{"embeddable":true,"href":"https:\/\/www.genusintelligen.com\/es\/wp-json\/wp\/v2\/comments?post=259"}],"version-history":[{"count":49,"href":"https:\/\/www.genusintelligen.com\/es\/wp-json\/wp\/v2\/pages\/259\/revisions"}],"predecessor-version":[{"id":1030,"href":"https:\/\/www.genusintelligen.com\/es\/wp-json\/wp\/v2\/pages\/259\/revisions\/1030"}],"wp:attachment":[{"href":"https:\/\/www.genusintelligen.com\/es\/wp-json\/wp\/v2\/media?parent=259"}],"curies":[{"name":"wp","href":"https:\/\/api.w.org\/{rel}","templated":true}]}}